{"id":31042,"date":"2025-07-01T13:03:33","date_gmt":"2025-07-01T13:03:33","guid":{"rendered":"https:\/\/www.tuvendes.com.ar\/demo\/producto\/mochila-lubeck\/"},"modified":"2026-05-01T10:08:42","modified_gmt":"2026-05-01T10:08:42","slug":"mochila-lubeck","status":"publish","type":"product","link":"https:\/\/www.tuvendes.com.ar\/demo\/producto\/mochila-lubeck\/","title":{"rendered":"Mochila Lubeck"},"content":{"rendered":"<p>Mochila tipo urbana con solapa y broches met\u00e1licos, confeccionada en poli\u00e9ster reciclado 600D. Cuenta con compartimiento principal bajo la solapa y tiras ajustables. En su interior cuenta con un espacio para PC, un bolsillo para transportar una botella, y otro peque\u00f1o con cierre para llevar objetos peque\u00f1os. Incluye manija superior, dise\u00f1o estructurado y costuras reforzadas que aportan durabilidad. <\/p>\n<p>Capacidad: 10 litros.<\/p>\n<p>Wagner.<\/p>\n<p>Dimensiones<\/p>\n<p>Del producto:<br \/>\n 13x36x38 cm.<br \/>\n Peso unitario: 670 g.<br \/>\n Empaque individual: A granel.<\/p>\n<p>Del empaque:<br \/>\n 46x42x66 cm.<br \/>\n Peso unitario: 10050 g.<br \/>\n Unidades por caja: 15.<\/p>\n","protected":false},"excerpt":{"rendered":"<p>Mochila tipo urbana con solapa y broches met\u00e1licos, confeccionada en poli\u00e9ster reciclado 600D. Cuenta con compartimiento principal bajo la solapa<\/p>\n","protected":false},"featured_media":45020,"template":"","meta":[],"product_brand":[1892],"product_cat":[1757,1772],"product_tag":[],"class_list":{"0":"post-31042","1":"product","2":"type-product","3":"status-publish","4":"has-post-thumbnail","6":"product_brand-wagner","7":"product_cat-bolsos-y-mochilas","8":"product_cat-viajes","9":"pa_variant-negro-negro-poliestileno","11":"first","12":"instock","13":"shipping-taxable","14":"purchasable","15":"product-type-variable"},"_links":{"self":[{"href":"https:\/\/www.tuvendes.com.ar\/demo\/wp-json\/wp\/v2\/product\/31042","targetHints":{"allow":["GET"]}}],"collection":[{"href":"https:\/\/www.tuvendes.com.ar\/demo\/wp-json\/wp\/v2\/product"}],"about":[{"href":"https:\/\/www.tuvendes.com.ar\/demo\/wp-json\/wp\/v2\/types\/product"}],"wp:featuredmedia":[{"embeddable":true,"href":"https:\/\/www.tuvendes.com.ar\/demo\/wp-json\/wp\/v2\/media\/45020"}],"wp:attachment":[{"href":"https:\/\/www.tuvendes.com.ar\/demo\/wp-json\/wp\/v2\/media?parent=31042"}],"wp:term":[{"taxonomy":"product_brand","embeddable":true,"href":"https:\/\/www.tuvendes.com.ar\/demo\/wp-json\/wp\/v2\/product_brand?post=31042"},{"taxonomy":"product_cat","embeddable":true,"href":"https:\/\/www.tuvendes.com.ar\/demo\/wp-json\/wp\/v2\/product_cat?post=31042"},{"taxonomy":"product_tag","embeddable":true,"href":"https:\/\/www.tuvendes.com.ar\/demo\/wp-json\/wp\/v2\/product_tag?post=31042"}],"curies":[{"name":"wp","href":"https:\/\/api.w.org\/{rel}","templated":true}]}}