{"id":31074,"date":"2025-07-01T13:04:14","date_gmt":"2025-07-01T13:04:14","guid":{"rendered":"https:\/\/www.tuvendes.com.ar\/demo\/producto\/mochila-sack\/"},"modified":"2026-05-01T10:20:20","modified_gmt":"2026-05-01T10:20:20","slug":"mochila-sack","status":"publish","type":"product","link":"https:\/\/www.tuvendes.com.ar\/demo\/producto\/mochila-sack\/","title":{"rendered":"Mochila Sack"},"content":{"rendered":"<p>Mochila urbana con doble cierre y estructura reforzada. Est\u00e1 confeccionada en poli\u00e9ster reciclado 420D, una opci\u00f3n sustentable y resistente para el uso diario. Cuenta con compartimiento principal amplio, dos bolsillos frontales con cierre, y tiras ajustables acolchadas para mayor comodidad. En su interior cuenta con dos bolsillos peque\u00f1os sin cierre y dos para lapiceras. Es ideal para ir al trabajo, estudiar o moverse por la ciudad.<\/p>\n<p>Capacidad: 21 litros. <\/p>\n<p>Wagner.<\/p>\n<p>Dimensiones<\/p>\n<p>Del producto:<br \/>\n 20x30x44 cm.<br \/>\n Peso unitario: 420 g.<br \/>\n Empaque individual: A granel.<\/p>\n<p>Del empaque:<br \/>\n 37x45x68 cm.<br \/>\n Peso unitario: 6300 g.<br \/>\n Unidades por caja: 15.<\/p>\n","protected":false},"excerpt":{"rendered":"<p>Mochila urbana con doble cierre y estructura reforzada. Est\u00e1 confeccionada en poli\u00e9ster reciclado 420D, una opci\u00f3n sustentable y resistente para<\/p>\n","protected":false},"featured_media":41862,"template":"","meta":[],"product_brand":[1892],"product_cat":[1757,1772],"product_tag":[],"class_list":{"0":"post-31074","1":"product","2":"type-product","3":"status-publish","4":"has-post-thumbnail","6":"product_brand-wagner","7":"product_cat-bolsos-y-mochilas","8":"product_cat-viajes","9":"pa_variant-gris-oscuro-gris-oscuro-poliestileno","11":"first","12":"instock","13":"shipping-taxable","14":"purchasable","15":"product-type-variable"},"_links":{"self":[{"href":"https:\/\/www.tuvendes.com.ar\/demo\/wp-json\/wp\/v2\/product\/31074","targetHints":{"allow":["GET"]}}],"collection":[{"href":"https:\/\/www.tuvendes.com.ar\/demo\/wp-json\/wp\/v2\/product"}],"about":[{"href":"https:\/\/www.tuvendes.com.ar\/demo\/wp-json\/wp\/v2\/types\/product"}],"wp:featuredmedia":[{"embeddable":true,"href":"https:\/\/www.tuvendes.com.ar\/demo\/wp-json\/wp\/v2\/media\/41862"}],"wp:attachment":[{"href":"https:\/\/www.tuvendes.com.ar\/demo\/wp-json\/wp\/v2\/media?parent=31074"}],"wp:term":[{"taxonomy":"product_brand","embeddable":true,"href":"https:\/\/www.tuvendes.com.ar\/demo\/wp-json\/wp\/v2\/product_brand?post=31074"},{"taxonomy":"product_cat","embeddable":true,"href":"https:\/\/www.tuvendes.com.ar\/demo\/wp-json\/wp\/v2\/product_cat?post=31074"},{"taxonomy":"product_tag","embeddable":true,"href":"https:\/\/www.tuvendes.com.ar\/demo\/wp-json\/wp\/v2\/product_tag?post=31074"}],"curies":[{"name":"wp","href":"https:\/\/api.w.org\/{rel}","templated":true}]}}