{"id":31328,"date":"2025-07-16T16:36:16","date_gmt":"2025-07-16T16:36:16","guid":{"rendered":"https:\/\/www.tuvendes.com.ar\/demo\/producto\/campera-stream-men\/"},"modified":"2026-04-20T16:15:21","modified_gmt":"2026-04-20T16:15:21","slug":"campera-stream-men","status":"publish","type":"product","link":"https:\/\/www.tuvendes.com.ar\/demo\/producto\/campera-stream-men\/","title":{"rendered":"CAMPERA STREAM MEN"},"content":{"rendered":"<p>Campera ligera para hombre confeccionada en tafet\u00e1n 280T. El exterior y forro est\u00e1n fabricados 100% en poli\u00e9ster reciclado, con relleno tipo plum\u00f3n 100% poli\u00e9ster. Cuenta con abertura y bolsillos laterales con cierre de nylon, cursor de metal con tirador de fantas\u00eda negro, capucha con borde el\u00e1stico y pu\u00f1os el\u00e1sticos. Es ideal para uso urbano, actividades al aire libre en climas frescos, y como abrigo liviano en invierno. <\/p>\n<p>CERTIFICACI\u00d3N: PETA-Approved Vegan y OEKO-TEX Standard 100.<br \/>\nRECOMENDACIONES DE USO: Lavar a m\u00e1quina a 40\u00b0. No lavar en seco. No blanquear. No planchar. No secar en m\u00e1quina. <\/p>\n<p>Dado que el bordado se realiza directamente sobre la prenda, su cara interna exhibir\u00e1 parte de la estructura del dise\u00f1o.<\/p>\n<p>Sol\u00b4s<\/p>\n","protected":false},"excerpt":{"rendered":"<p>Campera ligera para hombre confeccionada en tafet\u00e1n 280T. El exterior y forro est\u00e1n fabricados 100% en poli\u00e9ster reciclado, con relleno<\/p>\n","protected":false},"featured_media":43113,"template":"","meta":[],"product_brand":[1902],"product_cat":[1758,1766,1781],"product_tag":[],"class_list":{"0":"post-31328","1":"product","2":"type-product","3":"status-publish","4":"has-post-thumbnail","6":"product_brand-sols","7":"product_cat-2026-reingresos","8":"product_cat-apparel","9":"product_cat-apparel-abrigo","11":"first","12":"instock","13":"shipping-taxable","14":"purchasable","15":"product-type-variable"},"_links":{"self":[{"href":"https:\/\/www.tuvendes.com.ar\/demo\/wp-json\/wp\/v2\/product\/31328","targetHints":{"allow":["GET"]}}],"collection":[{"href":"https:\/\/www.tuvendes.com.ar\/demo\/wp-json\/wp\/v2\/product"}],"about":[{"href":"https:\/\/www.tuvendes.com.ar\/demo\/wp-json\/wp\/v2\/types\/product"}],"wp:featuredmedia":[{"embeddable":true,"href":"https:\/\/www.tuvendes.com.ar\/demo\/wp-json\/wp\/v2\/media\/43113"}],"wp:attachment":[{"href":"https:\/\/www.tuvendes.com.ar\/demo\/wp-json\/wp\/v2\/media?parent=31328"}],"wp:term":[{"taxonomy":"product_brand","embeddable":true,"href":"https:\/\/www.tuvendes.com.ar\/demo\/wp-json\/wp\/v2\/product_brand?post=31328"},{"taxonomy":"product_cat","embeddable":true,"href":"https:\/\/www.tuvendes.com.ar\/demo\/wp-json\/wp\/v2\/product_cat?post=31328"},{"taxonomy":"product_tag","embeddable":true,"href":"https:\/\/www.tuvendes.com.ar\/demo\/wp-json\/wp\/v2\/product_tag?post=31328"}],"curies":[{"name":"wp","href":"https:\/\/api.w.org\/{rel}","templated":true}]}}