{"id":31452,"date":"2025-07-16T17:14:54","date_gmt":"2025-07-16T17:14:54","guid":{"rendered":"https:\/\/www.tuvendes.com.ar\/demo\/producto\/hoodie-snake\/"},"modified":"2026-04-20T21:02:36","modified_gmt":"2026-04-20T21:02:36","slug":"hoodie-snake","status":"publish","type":"product","link":"https:\/\/www.tuvendes.com.ar\/demo\/producto\/hoodie-snake\/","title":{"rendered":"Hoodie Snake"},"content":{"rendered":"<p>Hoodie de frisa 50% algod\u00f3n y 50% poli\u00e9ster de 280g, tipo canguro unisex con capucha.<\/p>\n<p>CERTIFICACI\u00d3N: PETA-Approved Vegan<br \/>\nRECOMENDACIONES DE USO: Lavar a m\u00e1quina a 30\u00b0. No lavar en seco. No blanquear. No planchar. No secar en m\u00e1quina.<\/p>\n<p>Sol\u00b4s.<\/p>\n","protected":false},"excerpt":{"rendered":"<p>Hoodie de frisa 50% algod\u00f3n y 50% poli\u00e9ster de 280g, tipo canguro unisex con capucha. CERTIFICACI\u00d3N: PETA-Approved Vegan RECOMENDACIONES DE<\/p>\n","protected":false},"featured_media":42592,"template":"","meta":[],"product_brand":[1902],"product_cat":[1758,1766,1781,1763],"product_tag":[],"class_list":{"0":"post-31452","1":"product","2":"type-product","3":"status-publish","4":"has-post-thumbnail","6":"product_brand-sols","7":"product_cat-2026-reingresos","8":"product_cat-apparel","9":"product_cat-apparel-abrigo","10":"product_cat-mundial-2026","12":"first","13":"instock","14":"shipping-taxable","15":"purchasable","16":"product-type-variable"},"_links":{"self":[{"href":"https:\/\/www.tuvendes.com.ar\/demo\/wp-json\/wp\/v2\/product\/31452","targetHints":{"allow":["GET"]}}],"collection":[{"href":"https:\/\/www.tuvendes.com.ar\/demo\/wp-json\/wp\/v2\/product"}],"about":[{"href":"https:\/\/www.tuvendes.com.ar\/demo\/wp-json\/wp\/v2\/types\/product"}],"wp:featuredmedia":[{"embeddable":true,"href":"https:\/\/www.tuvendes.com.ar\/demo\/wp-json\/wp\/v2\/media\/42592"}],"wp:attachment":[{"href":"https:\/\/www.tuvendes.com.ar\/demo\/wp-json\/wp\/v2\/media?parent=31452"}],"wp:term":[{"taxonomy":"product_brand","embeddable":true,"href":"https:\/\/www.tuvendes.com.ar\/demo\/wp-json\/wp\/v2\/product_brand?post=31452"},{"taxonomy":"product_cat","embeddable":true,"href":"https:\/\/www.tuvendes.com.ar\/demo\/wp-json\/wp\/v2\/product_cat?post=31452"},{"taxonomy":"product_tag","embeddable":true,"href":"https:\/\/www.tuvendes.com.ar\/demo\/wp-json\/wp\/v2\/product_tag?post=31452"}],"curies":[{"name":"wp","href":"https:\/\/api.w.org\/{rel}","templated":true}]}}