{"id":31697,"date":"2025-07-22T21:04:42","date_gmt":"2025-07-22T21:04:42","guid":{"rendered":"https:\/\/www.tuvendes.com.ar\/demo\/producto\/cuaderno-muse\/"},"modified":"2026-04-30T20:36:28","modified_gmt":"2026-04-30T20:36:28","slug":"cuaderno-muse","status":"publish","type":"product","link":"https:\/\/www.tuvendes.com.ar\/demo\/producto\/cuaderno-muse\/","title":{"rendered":"Cuaderno MUSE"},"content":{"rendered":"<p>Cuaderno A5 de 64 hojas rayadas confeccionado en RPU. Cuenta con una cinta el\u00e1stica adherida a la tapa para brindar un cierre seguro. Su peso es de 220 gramos, haci\u00e9ndolo un producto c\u00f3modo de llevar. Ideal para llevar en tu d\u00eda a d\u00eda para dibujar o anotar tareas importantes.<\/p>\n<p>The Daily Book.<\/p>\n","protected":false},"excerpt":{"rendered":"<p>Cuaderno A5 de 64 hojas rayadas confeccionado en RPU. Cuenta con una cinta el\u00e1stica adherida a la tapa para brindar<\/p>\n","protected":false},"featured_media":44246,"template":"","meta":[],"product_brand":[1903],"product_cat":[1753,1754,1780],"product_tag":[],"class_list":{"0":"post-31697","1":"product","2":"type-product","3":"status-publish","4":"has-post-thumbnail","6":"product_brand-the-daily-book","7":"product_cat-cuadernos","8":"product_cat-escritorio","9":"product_cat-proximos-arribos","10":"pa_variant-azul-azul-poliestileno","11":"pa_variant-blanco-blanco-poliestileno","12":"pa_variant-negro-negro-poliestileno","13":"pa_variant-rojo-rojo-poliestileno","15":"first","16":"instock","17":"shipping-taxable","18":"purchasable","19":"product-type-variable"},"_links":{"self":[{"href":"https:\/\/www.tuvendes.com.ar\/demo\/wp-json\/wp\/v2\/product\/31697","targetHints":{"allow":["GET"]}}],"collection":[{"href":"https:\/\/www.tuvendes.com.ar\/demo\/wp-json\/wp\/v2\/product"}],"about":[{"href":"https:\/\/www.tuvendes.com.ar\/demo\/wp-json\/wp\/v2\/types\/product"}],"wp:featuredmedia":[{"embeddable":true,"href":"https:\/\/www.tuvendes.com.ar\/demo\/wp-json\/wp\/v2\/media\/44246"}],"wp:attachment":[{"href":"https:\/\/www.tuvendes.com.ar\/demo\/wp-json\/wp\/v2\/media?parent=31697"}],"wp:term":[{"taxonomy":"product_brand","embeddable":true,"href":"https:\/\/www.tuvendes.com.ar\/demo\/wp-json\/wp\/v2\/product_brand?post=31697"},{"taxonomy":"product_cat","embeddable":true,"href":"https:\/\/www.tuvendes.com.ar\/demo\/wp-json\/wp\/v2\/product_cat?post=31697"},{"taxonomy":"product_tag","embeddable":true,"href":"https:\/\/www.tuvendes.com.ar\/demo\/wp-json\/wp\/v2\/product_tag?post=31697"}],"curies":[{"name":"wp","href":"https:\/\/api.w.org\/{rel}","templated":true}]}}