{"id":320,"date":"2024-11-12T19:41:59","date_gmt":"2024-11-12T19:41:59","guid":{"rendered":"https:\/\/www.tuvendes.com.ar\/demo\/producto\/mochilas-promocionales-modelo-clasico\/"},"modified":"2025-08-28T12:02:03","modified_gmt":"2025-08-28T12:02:03","slug":"mochilas-promocionales-modelo-clasico","status":"publish","type":"product","link":"https:\/\/www.tuvendes.com.ar\/demo\/producto\/mochilas-promocionales-modelo-clasico\/","title":{"rendered":"Mochilas Promocionales Modelo Cl\u00e1sico"},"content":{"rendered":"<p>Mochilas Promocionales De Polyester 600D con bolsillo frontal. Formato cl\u00e1sico y Unisex. C\u00f3modas y pr\u00e1cticas para todo tipo de ocasi\u00f3n.<\/p>\n<p>Medidas: 44 cm de alto x 33 cm de ancho x 15 cm de fuelle. Capacidad: 22 L. Bolsillo de 19 cm x 23 cm.<\/p>\n<p>Se imprimen full color con sistema de <a href=\"https:\/\/www.elementi.com.ar\/2024\/03\/18\/dtf-direct-to-film\/\">impresi\u00f3n DTF<\/a> o bardadas con logo.<\/p>\n","protected":false},"excerpt":{"rendered":"<p>Mochilas Promocionales De Polyester 600D con bolsillo frontal. Formato cl\u00e1sico y Unisex. C\u00f3modas y pr\u00e1cticas para todo tipo de ocasi\u00f3n.<\/p>\n","protected":false},"featured_media":323,"template":"","meta":[],"product_brand":[],"product_cat":[124],"product_tag":[],"class_list":{"0":"post-320","1":"product","2":"type-product","3":"status-publish","4":"has-post-thumbnail","6":"product_cat-elementi","7":"pa_custom-bordado","8":"pa_custom-impresion-full-color","9":"pa_custom-sin-personalizacion","11":"first","12":"instock","13":"shipping-taxable","14":"purchasable","15":"product-type-variable"},"_links":{"self":[{"href":"https:\/\/www.tuvendes.com.ar\/demo\/wp-json\/wp\/v2\/product\/320","targetHints":{"allow":["GET"]}}],"collection":[{"href":"https:\/\/www.tuvendes.com.ar\/demo\/wp-json\/wp\/v2\/product"}],"about":[{"href":"https:\/\/www.tuvendes.com.ar\/demo\/wp-json\/wp\/v2\/types\/product"}],"wp:featuredmedia":[{"embeddable":true,"href":"https:\/\/www.tuvendes.com.ar\/demo\/wp-json\/wp\/v2\/media\/323"}],"wp:attachment":[{"href":"https:\/\/www.tuvendes.com.ar\/demo\/wp-json\/wp\/v2\/media?parent=320"}],"wp:term":[{"taxonomy":"product_brand","embeddable":true,"href":"https:\/\/www.tuvendes.com.ar\/demo\/wp-json\/wp\/v2\/product_brand?post=320"},{"taxonomy":"product_cat","embeddable":true,"href":"https:\/\/www.tuvendes.com.ar\/demo\/wp-json\/wp\/v2\/product_cat?post=320"},{"taxonomy":"product_tag","embeddable":true,"href":"https:\/\/www.tuvendes.com.ar\/demo\/wp-json\/wp\/v2\/product_tag?post=320"}],"curies":[{"name":"wp","href":"https:\/\/api.w.org\/{rel}","templated":true}]}}