{"id":32089,"date":"2025-08-01T17:01:30","date_gmt":"2025-08-01T17:01:30","guid":{"rendered":"https:\/\/www.tuvendes.com.ar\/demo\/producto\/trust-rudox-microfono-gxt-259-usb-con-filtro-reflexion\/"},"modified":"2025-08-13T00:50:32","modified_gmt":"2025-08-13T00:50:32","slug":"trust-rudox-microfono-gxt-259-usb-con-filtro-reflexion","status":"publish","type":"product","link":"https:\/\/www.tuvendes.com.ar\/demo\/producto\/trust-rudox-microfono-gxt-259-usb-con-filtro-reflexion\/","title":{"rendered":"TRUST Rudox Microfono GXT 259 USB con Filtro reflexion"},"content":{"rendered":"<p>Micr\u00f3fono con Filtro de Reflexi\u00f3n Trust GXT 259 RudoxConsiga un equipo profesional completo con micr\u00f3fono y filtro de reflexi\u00f3n &#8211; El micr\u00f3fono de alta calidadproduce un audio c\u00e1lido,rico en matices y claro,ideal para voz e instrumentos ac\u00fasticos &#8211; El escudo de reflexi\u00f3nreduce los ecos no deseados,las reverberaciones y los ruidos de fondo &#8211; El patr\u00f3n cardioide genera grabacionesclaras y espec\u00edficas y transmisiones sin ruidos de fondo &#8211; Perfecto para podcasts,vlogs,locuciones,grabaci\u00f3n dem\u00fasica o streaming en vivo en plataformas como YouTube,Twitch y Facebook &#8211; La salida de monitorizaci\u00f3n porauriculares con latencia cero permite escuchar lo que se est\u00e1 grabando en tiempo real sin retrasos &#8211; Conexi\u00f3n USBdigital,funciona instant\u00e1neamente con cualquier PC u ordenador port\u00e1til &#8211; Controles ubicados de manera pr\u00e1cticapara gestionar el volumen de los auriculares,el silenciamiento y el control de mezcla directa entre el micr\u00f3fono yel PC &#8211; Incluye montaje con efecto amortiguador de alta calidad,un soporte met\u00e1lico estable y filtro de rejilla -Soporte de montaje universal de 5\/8\u201d compatible con la mayor\u00eda de brazos de micr\u00f3fono &#8211; Incluye un cabledesmontable de 1,8 m Audio con calidad de estudioDesde podcasts hasta documentales,desde canciones pop hasta tu gran obrapara todo ello vas a necesitar un gran micr\u00f3fono que capture el audio con la mejor calidad posible.El GXT 259 Rudox de Trust,con su gran escudo ac\u00fastico,control de latencia cero y patr\u00f3n de audio cardioide,ofrece todo lo necesario para empezar a grabar audio con calidad de estudio.ConexionesGracias a la conexi\u00f3n USB,el audio se graba con calidad digital total Asimismo,no es necesario un mezclador externotodo lo que necesitas es un PC o port\u00e1til con un puerto USB libre.<\/p>\n","protected":false},"excerpt":{"rendered":"<p>Equipo profesional que incluye micr\u00f3fono y filtro de reflexi\u00f3n para lograr grabaciones con<br \/>\ncalidad de estudio<\/p>\n","protected":false},"featured_media":32090,"template":"","meta":[],"product_brand":[],"product_cat":[1217],"product_tag":[],"class_list":{"0":"post-32089","1":"product","2":"type-product","3":"status-publish","4":"has-post-thumbnail","6":"product_cat-nuevo-import","8":"first","9":"instock","10":"shipping-taxable","11":"purchasable","12":"product-type-simple"},"_links":{"self":[{"href":"https:\/\/www.tuvendes.com.ar\/demo\/wp-json\/wp\/v2\/product\/32089","targetHints":{"allow":["GET"]}}],"collection":[{"href":"https:\/\/www.tuvendes.com.ar\/demo\/wp-json\/wp\/v2\/product"}],"about":[{"href":"https:\/\/www.tuvendes.com.ar\/demo\/wp-json\/wp\/v2\/types\/product"}],"wp:featuredmedia":[{"embeddable":true,"href":"https:\/\/www.tuvendes.com.ar\/demo\/wp-json\/wp\/v2\/media\/32090"}],"wp:attachment":[{"href":"https:\/\/www.tuvendes.com.ar\/demo\/wp-json\/wp\/v2\/media?parent=32089"}],"wp:term":[{"taxonomy":"product_brand","embeddable":true,"href":"https:\/\/www.tuvendes.com.ar\/demo\/wp-json\/wp\/v2\/product_brand?post=32089"},{"taxonomy":"product_cat","embeddable":true,"href":"https:\/\/www.tuvendes.com.ar\/demo\/wp-json\/wp\/v2\/product_cat?post=32089"},{"taxonomy":"product_tag","embeddable":true,"href":"https:\/\/www.tuvendes.com.ar\/demo\/wp-json\/wp\/v2\/product_tag?post=32089"}],"curies":[{"name":"wp","href":"https:\/\/api.w.org\/{rel}","templated":true}]}}