{"id":32092,"date":"2025-08-01T17:01:33","date_gmt":"2025-08-01T17:01:33","guid":{"rendered":"https:\/\/www.tuvendes.com.ar\/demo\/producto\/trust-axxy-parlante-bluetooth-20w-rms-black\/"},"modified":"2025-08-13T00:49:40","modified_gmt":"2025-08-13T00:49:40","slug":"trust-axxy-parlante-bluetooth-20w-rms-black","status":"publish","type":"product","link":"https:\/\/www.tuvendes.com.ar\/demo\/producto\/trust-axxy-parlante-bluetooth-20w-rms-black\/","title":{"rendered":"TRUST Axxy Parlante Bluetooth 20W RMS Black"},"content":{"rendered":"<p>Tama\u00f1o port\u00e1til,perfecto para viajes &#8211; Potente sonido est\u00e9reo rico en matices para cautivar a todos sus amigos(20 W RMS) &#8211; Se pueden vincular dos altavoces de forma inal\u00e1mbrica para dar vida a la fiesta &#8211; Ideal para laspistas de esqu\u00ed o la piscinaresistente al agua (IPX7) &#8211; Reproducci\u00f3n de hasta 15 horas sin necesidad de recargas -Cargue el altavoz r\u00e1pidamente al 100 % en solo 2 horas (se necesita un cargador de pared USB de 10 W) &#8211; Sepueden hacer llamadas de tel\u00e9fono con el micr\u00f3fono incorporado.Viaja con m\u00fasicaCon un tama\u00f1o compacto y una calidad de sonido espectacular,el altavoz Bluetooth Axxy de Trust es ideal parallevar la fiesta contigo,independientemente de ad\u00f3nde vayas Con una bater\u00eda de larga duraci\u00f3n y resistencia a lasinclemencias meteorol\u00f3gicas,el altavoz mantendr\u00e1 la fiesta en marcha.La fiesta va contigoNo dejes que el tama\u00f1o compacto del altavoz te enga\u00f1ecuenta con un impresionante pico de salida de 40 W (20W RMS),lo que significa que podr\u00e1s llevar contigo un potente sonido rico en matices adonde quiera que vayas.\u00bfQuieres todav\u00eda m\u00e1s potenciaConecta dos altavoces de forma inal\u00e1mbrica para darle m\u00e1s marcha a la fiesta.Resistente al aguaNo tengas miedo de trasladar el altavoz al exterior Gracias a su resistencia al agua (IPX7),es perfecto para usaren cualquier condici\u00f3n climatol\u00f3gica No importa si vas de camping,a hacer senderismo o a organizar una fiestatropical en la piscinael Axxy se encarga de la m\u00fasica.Ampl\u00eda tus listas de reproducci\u00f3nEs hora de empezar a crear una lista de reproducci\u00f3n monstruosamente larga Con hasta 15 horas de tiempo dereproducci\u00f3n con una sola carga,tendr\u00e1s tiempo para reproducir tus temas favoritos y te sobrar\u00e1 para atenderpeticiones de canciones.Listo para m\u00e1sDespu\u00e9s de una fiesta,seguramente el Axxy se recargar\u00e1 m\u00e1s r\u00e1pidamente que t\u00fa En tan solo dos horas,elaltavoz volver\u00e1 a estar completamente cargado*,y listo para comenzar con la siguiente lista de reproducci\u00f3n.* Se requiere cargador USB de 10 WLlamadas de manos libresPero todav\u00eda hay m\u00e1s Conecta el smartphone al altavoz Bluetooth y el micr\u00f3fono integrado te permitir\u00e1 realizarllamadas de tel\u00e9fono de manos libres<\/p>\n","protected":false},"excerpt":{"rendered":"<p>Potente altavoz Bluetooth\u00ae perfecto para viajar y utilizar en exteriores<\/p>\n","protected":false},"featured_media":32093,"template":"","meta":[],"product_brand":[],"product_cat":[1217],"product_tag":[],"class_list":{"0":"post-32092","1":"product","2":"type-product","3":"status-publish","4":"has-post-thumbnail","6":"product_cat-nuevo-import","8":"first","9":"instock","10":"shipping-taxable","11":"purchasable","12":"product-type-simple"},"_links":{"self":[{"href":"https:\/\/www.tuvendes.com.ar\/demo\/wp-json\/wp\/v2\/product\/32092","targetHints":{"allow":["GET"]}}],"collection":[{"href":"https:\/\/www.tuvendes.com.ar\/demo\/wp-json\/wp\/v2\/product"}],"about":[{"href":"https:\/\/www.tuvendes.com.ar\/demo\/wp-json\/wp\/v2\/types\/product"}],"wp:featuredmedia":[{"embeddable":true,"href":"https:\/\/www.tuvendes.com.ar\/demo\/wp-json\/wp\/v2\/media\/32093"}],"wp:attachment":[{"href":"https:\/\/www.tuvendes.com.ar\/demo\/wp-json\/wp\/v2\/media?parent=32092"}],"wp:term":[{"taxonomy":"product_brand","embeddable":true,"href":"https:\/\/www.tuvendes.com.ar\/demo\/wp-json\/wp\/v2\/product_brand?post=32092"},{"taxonomy":"product_cat","embeddable":true,"href":"https:\/\/www.tuvendes.com.ar\/demo\/wp-json\/wp\/v2\/product_cat?post=32092"},{"taxonomy":"product_tag","embeddable":true,"href":"https:\/\/www.tuvendes.com.ar\/demo\/wp-json\/wp\/v2\/product_tag?post=32092"}],"curies":[{"name":"wp","href":"https:\/\/api.w.org\/{rel}","templated":true}]}}