{"id":32124,"date":"2025-08-01T18:45:20","date_gmt":"2025-08-01T18:45:20","guid":{"rendered":"https:\/\/www.tuvendes.com.ar\/demo\/producto\/trust-avora-parlantes-2-1-18w-black\/"},"modified":"2025-08-13T00:50:07","modified_gmt":"2025-08-13T00:50:07","slug":"trust-avora-parlantes-2-1-18w-black","status":"publish","type":"product","link":"https:\/\/www.tuvendes.com.ar\/demo\/producto\/trust-avora-parlantes-2-1-18w-black\/","title":{"rendered":"TRUST Avora Parlantes 2.1 18W Black"},"content":{"rendered":"<p>Parlantes con Subwoofer Avora USB 2.1Conjunto de altavoces compactos con subwoofer y alimentaci\u00f3n por USB 2.1 con subwoofer de madera,para ordenadores de sobremesa y port\u00e1tilesConectividadLongitud del cable de audio 130 cmLongitud del cable del subwoofer al cable sat\u00e9lite 130 cmAudioMicr\u00f3fono integrado NoConexi\u00f3n del micr\u00f3fono NoConexi\u00f3n de auriculares NoTama\u00f1o del transductor65 mmRespuesta de frecuencia 100 Hz,20 000 HzPotencia de salida (pico) 18 WCopia de potencia de salida (RMS) 9 WImpedancia del altavoz 4 ohmiosTama\u00f1o y peso Peso total 1000 gSat\u00e9lites Altura del sat\u00e9lite (mm) 110 mmAncho del sat\u00e9lite (mm) 65 mmProfundidad del sat\u00e9lite (mm) 80 mmSubwooferAltura del subwoofer (mm) 140mmAncho del subwoofer (mm) 120mmProfundidad del subwoofer (mm) 180 mil\u00edmetrosCompatibilidadTipos de dispositivos compatiblesordenador personal,computadora port\u00e1tilInformaci\u00f3n adicionalN\u00famero de art\u00edculo 20442C\u00f3digo EAN 8713439204421Contenido del paquete2 altavoces sat\u00e9lite con cables incorporadosAltavoz subwoofer con cable de corriente USB incorporadoManual del usuarioRequisitos del sistemaConexi\u00f3n de audio de 3,5 mm.Puerto USB (para alimentaci\u00f3n)<\/p>\n","protected":false},"excerpt":{"rendered":"<p>Conjunto de altavoces compactos con subwoofer y alimentaci\u00f3n por USB 2.1 con subwoofer de madera, para ordenadores de sobremesa y port\u00e1tiles<\/p>\n","protected":false},"featured_media":32125,"template":"","meta":[],"product_brand":[],"product_cat":[1217],"product_tag":[],"class_list":{"0":"post-32124","1":"product","2":"type-product","3":"status-publish","4":"has-post-thumbnail","6":"product_cat-nuevo-import","8":"first","9":"instock","10":"shipping-taxable","11":"purchasable","12":"product-type-simple"},"_links":{"self":[{"href":"https:\/\/www.tuvendes.com.ar\/demo\/wp-json\/wp\/v2\/product\/32124","targetHints":{"allow":["GET"]}}],"collection":[{"href":"https:\/\/www.tuvendes.com.ar\/demo\/wp-json\/wp\/v2\/product"}],"about":[{"href":"https:\/\/www.tuvendes.com.ar\/demo\/wp-json\/wp\/v2\/types\/product"}],"wp:featuredmedia":[{"embeddable":true,"href":"https:\/\/www.tuvendes.com.ar\/demo\/wp-json\/wp\/v2\/media\/32125"}],"wp:attachment":[{"href":"https:\/\/www.tuvendes.com.ar\/demo\/wp-json\/wp\/v2\/media?parent=32124"}],"wp:term":[{"taxonomy":"product_brand","embeddable":true,"href":"https:\/\/www.tuvendes.com.ar\/demo\/wp-json\/wp\/v2\/product_brand?post=32124"},{"taxonomy":"product_cat","embeddable":true,"href":"https:\/\/www.tuvendes.com.ar\/demo\/wp-json\/wp\/v2\/product_cat?post=32124"},{"taxonomy":"product_tag","embeddable":true,"href":"https:\/\/www.tuvendes.com.ar\/demo\/wp-json\/wp\/v2\/product_tag?post=32124"}],"curies":[{"name":"wp","href":"https:\/\/api.w.org\/{rel}","templated":true}]}}