{"id":32176,"date":"2025-08-01T18:46:08","date_gmt":"2025-08-01T18:46:08","guid":{"rendered":"https:\/\/www.tuvendes.com.ar\/demo\/producto\/trust-gxt-715-chair-mat\/"},"modified":"2025-08-13T00:49:42","modified_gmt":"2025-08-13T00:49:42","slug":"trust-gxt-715-chair-mat","status":"publish","type":"product","link":"https:\/\/www.tuvendes.com.ar\/demo\/producto\/trust-gxt-715-chair-mat\/","title":{"rendered":"Trust GXT 715 Chair mat"},"content":{"rendered":"<p>Evite rascadas en el suelo,da\u00f1os en las alfombras o manchas por el vertido de bebidas &#8211; Flexibilidad de uso en alfombras y superficies de suelo duroSuperficie dura y resistente al desgaste que permite mover la silla sin dificultadMaterial resistente y duradero &#8211; Para utilizar con cualquier silla para juegos o de oficinaTama\u00f1o99 x 120 cm (1,20 m2)Un set-up impecableLa alfombra para silla GXT 715 protege el suelo contra rasgu\u00f1os,ara\u00f1azos y vertidos,con una superficieespaciosa y duradera de 1,2 m\u00b2.Sin tropiezosLas superficies duras y resistentes al desgaste permiten que la silla se mueva,gire o ruede suavemente,para que tesientas c\u00f3modo y a gusto<\/p>\n","protected":false},"excerpt":{"rendered":"<p>Alfombrilla para proteger el suelo o alfombra contra los da\u00f1os y el desgaste<\/p>\n","protected":false},"featured_media":32177,"template":"","meta":[],"product_brand":[],"product_cat":[1217],"product_tag":[],"class_list":{"0":"post-32176","1":"product","2":"type-product","3":"status-publish","4":"has-post-thumbnail","6":"product_cat-nuevo-import","8":"first","9":"instock","10":"shipping-taxable","11":"purchasable","12":"product-type-simple"},"_links":{"self":[{"href":"https:\/\/www.tuvendes.com.ar\/demo\/wp-json\/wp\/v2\/product\/32176","targetHints":{"allow":["GET"]}}],"collection":[{"href":"https:\/\/www.tuvendes.com.ar\/demo\/wp-json\/wp\/v2\/product"}],"about":[{"href":"https:\/\/www.tuvendes.com.ar\/demo\/wp-json\/wp\/v2\/types\/product"}],"wp:featuredmedia":[{"embeddable":true,"href":"https:\/\/www.tuvendes.com.ar\/demo\/wp-json\/wp\/v2\/media\/32177"}],"wp:attachment":[{"href":"https:\/\/www.tuvendes.com.ar\/demo\/wp-json\/wp\/v2\/media?parent=32176"}],"wp:term":[{"taxonomy":"product_brand","embeddable":true,"href":"https:\/\/www.tuvendes.com.ar\/demo\/wp-json\/wp\/v2\/product_brand?post=32176"},{"taxonomy":"product_cat","embeddable":true,"href":"https:\/\/www.tuvendes.com.ar\/demo\/wp-json\/wp\/v2\/product_cat?post=32176"},{"taxonomy":"product_tag","embeddable":true,"href":"https:\/\/www.tuvendes.com.ar\/demo\/wp-json\/wp\/v2\/product_tag?post=32176"}],"curies":[{"name":"wp","href":"https:\/\/api.w.org\/{rel}","templated":true}]}}