{"id":32178,"date":"2025-08-01T18:46:09","date_gmt":"2025-08-01T18:46:09","guid":{"rendered":"https:\/\/www.tuvendes.com.ar\/demo\/producto\/trust-gav-mouse-gaming-gxt-101c-jungle-camo-4800dpi-usb\/"},"modified":"2025-08-13T00:49:42","modified_gmt":"2025-08-13T00:49:42","slug":"trust-gav-mouse-gaming-gxt-101c-jungle-camo-4800dpi-usb","status":"publish","type":"product","link":"https:\/\/www.tuvendes.com.ar\/demo\/producto\/trust-gav-mouse-gaming-gxt-101c-jungle-camo-4800dpi-usb\/","title":{"rendered":"TRUST GAV Mouse Gaming GXT 101C Jungle Camo 4800DPI USB"},"content":{"rendered":"<p>Caracter\u00edsticas- Bot\u00f3n de selecci\u00f3n de velocidad (600-4800 ppp)- Dise\u00f1o ergon\u00f3mico y c\u00f3modo- Cable trenzado de 1,8 m ,antienredos<\/p>\n","protected":false},"excerpt":{"rendered":"<p>Mouse Gaming de 4800 ppp con 6 botones , camuflado<\/p>\n","protected":false},"featured_media":32179,"template":"","meta":[],"product_brand":[],"product_cat":[1217],"product_tag":[],"class_list":{"0":"post-32178","1":"product","2":"type-product","3":"status-publish","4":"has-post-thumbnail","6":"product_cat-nuevo-import","8":"first","9":"instock","10":"shipping-taxable","11":"purchasable","12":"product-type-simple"},"_links":{"self":[{"href":"https:\/\/www.tuvendes.com.ar\/demo\/wp-json\/wp\/v2\/product\/32178","targetHints":{"allow":["GET"]}}],"collection":[{"href":"https:\/\/www.tuvendes.com.ar\/demo\/wp-json\/wp\/v2\/product"}],"about":[{"href":"https:\/\/www.tuvendes.com.ar\/demo\/wp-json\/wp\/v2\/types\/product"}],"wp:featuredmedia":[{"embeddable":true,"href":"https:\/\/www.tuvendes.com.ar\/demo\/wp-json\/wp\/v2\/media\/32179"}],"wp:attachment":[{"href":"https:\/\/www.tuvendes.com.ar\/demo\/wp-json\/wp\/v2\/media?parent=32178"}],"wp:term":[{"taxonomy":"product_brand","embeddable":true,"href":"https:\/\/www.tuvendes.com.ar\/demo\/wp-json\/wp\/v2\/product_brand?post=32178"},{"taxonomy":"product_cat","embeddable":true,"href":"https:\/\/www.tuvendes.com.ar\/demo\/wp-json\/wp\/v2\/product_cat?post=32178"},{"taxonomy":"product_tag","embeddable":true,"href":"https:\/\/www.tuvendes.com.ar\/demo\/wp-json\/wp\/v2\/product_tag?post=32178"}],"curies":[{"name":"wp","href":"https:\/\/api.w.org\/{rel}","templated":true}]}}