{"id":32258,"date":"2025-08-01T18:47:12","date_gmt":"2025-08-01T18:47:12","guid":{"rendered":"https:\/\/www.tuvendes.com.ar\/demo\/producto\/trust-arys-parlante-soundbar-6w-rms\/"},"modified":"2025-08-13T00:49:46","modified_gmt":"2025-08-13T00:49:46","slug":"trust-arys-parlante-soundbar-6w-rms","status":"publish","type":"product","link":"https:\/\/www.tuvendes.com.ar\/demo\/producto\/trust-arys-parlante-soundbar-6w-rms\/","title":{"rendered":"TRUST Arys Parlante Soundbar 6W RMS"},"content":{"rendered":"<p>SONIDO A LO GRANDECon una potencia m\u00e1xima de 12 W (6 W RMS)ASPECTO ESTILIZADOCon un dise\u00f1o compacto que ahorra espacioCOMPATIBILIDAD TOTALCon PC y port\u00e1tilesSalida de potencia m\u00e1xima de 12 W (6 vatios RMS) &#8211; Forma horizontal que ahorra espacio y encaja debajo decualquier monitor de ordenador &#8211; Control de volumen de gran tama\u00f1o,iluminado y de f\u00e1cil acceso en el frontal -Rejilla met\u00e1lica para protecci\u00f3n adicional &#8211; Alimentado por USB,no requiere alimentaci\u00f3n de red.<\/p>\n","protected":false},"excerpt":{"rendered":"<p>Barra de sonido con un dise\u00f1o elegante y una potencia de salida de 12 vatios (6 W RMS).<\/p>\n","protected":false},"featured_media":32259,"template":"","meta":[],"product_brand":[],"product_cat":[1217],"product_tag":[],"class_list":{"0":"post-32258","1":"product","2":"type-product","3":"status-publish","4":"has-post-thumbnail","6":"product_cat-nuevo-import","8":"first","9":"instock","10":"shipping-taxable","11":"purchasable","12":"product-type-simple"},"_links":{"self":[{"href":"https:\/\/www.tuvendes.com.ar\/demo\/wp-json\/wp\/v2\/product\/32258","targetHints":{"allow":["GET"]}}],"collection":[{"href":"https:\/\/www.tuvendes.com.ar\/demo\/wp-json\/wp\/v2\/product"}],"about":[{"href":"https:\/\/www.tuvendes.com.ar\/demo\/wp-json\/wp\/v2\/types\/product"}],"wp:featuredmedia":[{"embeddable":true,"href":"https:\/\/www.tuvendes.com.ar\/demo\/wp-json\/wp\/v2\/media\/32259"}],"wp:attachment":[{"href":"https:\/\/www.tuvendes.com.ar\/demo\/wp-json\/wp\/v2\/media?parent=32258"}],"wp:term":[{"taxonomy":"product_brand","embeddable":true,"href":"https:\/\/www.tuvendes.com.ar\/demo\/wp-json\/wp\/v2\/product_brand?post=32258"},{"taxonomy":"product_cat","embeddable":true,"href":"https:\/\/www.tuvendes.com.ar\/demo\/wp-json\/wp\/v2\/product_cat?post=32258"},{"taxonomy":"product_tag","embeddable":true,"href":"https:\/\/www.tuvendes.com.ar\/demo\/wp-json\/wp\/v2\/product_tag?post=32258"}],"curies":[{"name":"wp","href":"https:\/\/api.w.org\/{rel}","templated":true}]}}