{"id":32260,"date":"2025-08-01T18:47:13","date_gmt":"2025-08-01T18:47:13","guid":{"rendered":"https:\/\/www.tuvendes.com.ar\/demo\/producto\/trust-primo-teclado-usb\/"},"modified":"2025-08-13T16:09:50","modified_gmt":"2025-08-13T16:09:50","slug":"trust-primo-teclado-usb","status":"publish","type":"product","link":"https:\/\/www.tuvendes.com.ar\/demo\/producto\/trust-primo-teclado-usb\/","title":{"rendered":"TRUST Primo Teclado USB"},"content":{"rendered":"<p>Apostar por lo b\u00e1sicoHay teclados de todas las formas y medidas,\u00bfpero qu\u00e9 pasa si uno solo quiere algo b\u00e1sicoEso es lo que ofrece exactamente el Trust Primo Tiene un dise\u00f1o de tama\u00f1o completo,teclas resistentes al vertido de l\u00edquidos y permite ajustar su altura Adem\u00e1s,gracias a las teclas silenciosas,se puede escribir durante horas y horas sin molestar a los compa\u00f1eros de trabajo El teclado Primo responde exactamente a las necesidades de cada usuario.ComodidadUn buen teclado tiene que resultar c\u00f3modo Las teclas de perfil bajo de este teclado de tama\u00f1o completo y los soportes plegables proporcionan precisamente la comodidad necesaria que facilita la concentraci\u00f3n en el trabajo No hay que preocuparse de si cae alg\u00fan l\u00edquido en el teclado Primo,ya que su dise\u00f1o resistente a los vertidos permite seguir trabajando sin problemas As\u00ed que s\u00edrvase otra taza de caf\u00e9 y a por todas.F\u00e1cilConecte el cable USB de 180 cm y listo Cuando hay trabajo por hacer,a nadie le gusta tener que preocuparse por la instalaci\u00f3n de software o la configuraci\u00f3n de macros El teclado Primo es un caballo de batalla que permite centrarse en el trabajo.<\/p>\n","protected":false},"excerpt":{"rendered":"<p>Teclado de tama\u00f1o completo con teclas silenciosas y dise\u00f1o resistente a los vertidos<\/p>\n","protected":false},"featured_media":32261,"template":"","meta":[],"product_brand":[],"product_cat":[1217],"product_tag":[],"class_list":{"0":"post-32260","1":"product","2":"type-product","3":"status-publish","4":"has-post-thumbnail","6":"product_cat-nuevo-import","8":"first","9":"instock","10":"shipping-taxable","11":"purchasable","12":"product-type-simple"},"_links":{"self":[{"href":"https:\/\/www.tuvendes.com.ar\/demo\/wp-json\/wp\/v2\/product\/32260","targetHints":{"allow":["GET"]}}],"collection":[{"href":"https:\/\/www.tuvendes.com.ar\/demo\/wp-json\/wp\/v2\/product"}],"about":[{"href":"https:\/\/www.tuvendes.com.ar\/demo\/wp-json\/wp\/v2\/types\/product"}],"wp:featuredmedia":[{"embeddable":true,"href":"https:\/\/www.tuvendes.com.ar\/demo\/wp-json\/wp\/v2\/media\/32261"}],"wp:attachment":[{"href":"https:\/\/www.tuvendes.com.ar\/demo\/wp-json\/wp\/v2\/media?parent=32260"}],"wp:term":[{"taxonomy":"product_brand","embeddable":true,"href":"https:\/\/www.tuvendes.com.ar\/demo\/wp-json\/wp\/v2\/product_brand?post=32260"},{"taxonomy":"product_cat","embeddable":true,"href":"https:\/\/www.tuvendes.com.ar\/demo\/wp-json\/wp\/v2\/product_cat?post=32260"},{"taxonomy":"product_tag","embeddable":true,"href":"https:\/\/www.tuvendes.com.ar\/demo\/wp-json\/wp\/v2\/product_tag?post=32260"}],"curies":[{"name":"wp","href":"https:\/\/api.w.org\/{rel}","templated":true}]}}