{"id":32268,"date":"2025-08-01T18:47:20","date_gmt":"2025-08-01T18:47:20","guid":{"rendered":"https:\/\/www.tuvendes.com.ar\/demo\/producto\/trust-funda-silicona-gxt-748-ps5-black-camo\/"},"modified":"2025-08-13T00:49:46","modified_gmt":"2025-08-13T00:49:46","slug":"trust-funda-silicona-gxt-748-ps5-black-camo","status":"publish","type":"product","link":"https:\/\/www.tuvendes.com.ar\/demo\/producto\/trust-funda-silicona-gxt-748-ps5-black-camo\/","title":{"rendered":"TRUST Funda silicona GXT 748 PS5 Black Camo"},"content":{"rendered":"<p>Asegura el agarreCuando juegas a tus juegos favoritos,el control lo es todo Con la funda de silicona de Trust,conseguir\u00e1s un mejor agarre en tus juegos,al tiempo que proteges de los ara\u00f1azos tu preciado mando de juegos Todos los botones y los conectores est\u00e1n totalmente accesibles cuando utilizas esta funda,\u00a1as\u00ed que ag\u00e1rrate y a por el juego EstiloAparte de garantizar un mejor agarre,esta funda de silicona a\u00f1ade algo tambi\u00e9n muy importante a tu mando de juegosmucho estilo Una funda como esta hace que el mando de juegos sea el tuyo propio Y si por alg\u00fan motivo se mancha,la funda se quita f\u00e1cilmente y se puede lavar.COMPATIBILITY- Compatible ConsolesPS5<\/p>\n","protected":false},"excerpt":{"rendered":"<p>Funda de silicona para controlador &#8211; PS5. Da a tu mando de juegos de PlayStation 5 un mejor agarre y un toque personal<\/p>\n","protected":false},"featured_media":32269,"template":"","meta":[],"product_brand":[],"product_cat":[1217],"product_tag":[],"class_list":{"0":"post-32268","1":"product","2":"type-product","3":"status-publish","4":"has-post-thumbnail","6":"product_cat-nuevo-import","8":"first","9":"instock","10":"shipping-taxable","11":"purchasable","12":"product-type-simple"},"_links":{"self":[{"href":"https:\/\/www.tuvendes.com.ar\/demo\/wp-json\/wp\/v2\/product\/32268","targetHints":{"allow":["GET"]}}],"collection":[{"href":"https:\/\/www.tuvendes.com.ar\/demo\/wp-json\/wp\/v2\/product"}],"about":[{"href":"https:\/\/www.tuvendes.com.ar\/demo\/wp-json\/wp\/v2\/types\/product"}],"wp:featuredmedia":[{"embeddable":true,"href":"https:\/\/www.tuvendes.com.ar\/demo\/wp-json\/wp\/v2\/media\/32269"}],"wp:attachment":[{"href":"https:\/\/www.tuvendes.com.ar\/demo\/wp-json\/wp\/v2\/media?parent=32268"}],"wp:term":[{"taxonomy":"product_brand","embeddable":true,"href":"https:\/\/www.tuvendes.com.ar\/demo\/wp-json\/wp\/v2\/product_brand?post=32268"},{"taxonomy":"product_cat","embeddable":true,"href":"https:\/\/www.tuvendes.com.ar\/demo\/wp-json\/wp\/v2\/product_cat?post=32268"},{"taxonomy":"product_tag","embeddable":true,"href":"https:\/\/www.tuvendes.com.ar\/demo\/wp-json\/wp\/v2\/product_tag?post=32268"}],"curies":[{"name":"wp","href":"https:\/\/api.w.org\/{rel}","templated":true}]}}