{"id":32403,"date":"2025-08-01T18:49:06","date_gmt":"2025-08-01T18:49:06","guid":{"rendered":"https:\/\/www.tuvendes.com.ar\/demo\/producto\/trust-primo-mouse-wireless-matte-blue\/"},"modified":"2025-08-13T18:39:43","modified_gmt":"2025-08-13T18:39:43","slug":"trust-primo-mouse-wireless-matte-blue","status":"publish","type":"product","link":"https:\/\/www.tuvendes.com.ar\/demo\/producto\/trust-primo-mouse-wireless-matte-blue\/","title":{"rendered":"TRUST Primo Mouse Wireless Matte Blue"},"content":{"rendered":"<p>Trabajar sin cablesDisfrute de una experiencia completamente inal\u00e1mbrica con un alcance de 6 m Los cables enredados son cosa del pasado y la libertad de movimientos ha llegado para quedarse Adem\u00e1s,su forma compacta facilita los desplazamientos al trabajo.\u00bfLa curva de aprendizaje\u00bfQu\u00e9 curva de aprendizaje Con tres botones y una rueda de desplazamiento,el Primo es as\u00ed de simple y f\u00e1cil de usar.Precisi\u00f3nUn bot\u00f3n de selecci\u00f3n de velocidad permite alternar de forma impecable entre los 1000 y los 1600 ppp,seg\u00fan las preferencias y la tarea que se tenga que hacer.Encender (o apagar)Un interruptor de encendido\/apagado que ahorra energ\u00eda y prolonga la vida \u00fatil de la bater\u00eda,para disponer de energ\u00eda siempre que sea necesario Correcto Se han acabado los retrasos en los plazos de entrega (salvo que se procrastine).<\/p>\n","protected":false},"excerpt":{"rendered":"<p>Mouse optico inalambrico<\/p>\n","protected":false},"featured_media":32404,"template":"","meta":[],"product_brand":[],"product_cat":[1217],"product_tag":[],"class_list":{"0":"post-32403","1":"product","2":"type-product","3":"status-publish","4":"has-post-thumbnail","6":"product_cat-nuevo-import","8":"first","9":"instock","10":"shipping-taxable","11":"purchasable","12":"product-type-simple"},"_links":{"self":[{"href":"https:\/\/www.tuvendes.com.ar\/demo\/wp-json\/wp\/v2\/product\/32403","targetHints":{"allow":["GET"]}}],"collection":[{"href":"https:\/\/www.tuvendes.com.ar\/demo\/wp-json\/wp\/v2\/product"}],"about":[{"href":"https:\/\/www.tuvendes.com.ar\/demo\/wp-json\/wp\/v2\/types\/product"}],"wp:featuredmedia":[{"embeddable":true,"href":"https:\/\/www.tuvendes.com.ar\/demo\/wp-json\/wp\/v2\/media\/32404"}],"wp:attachment":[{"href":"https:\/\/www.tuvendes.com.ar\/demo\/wp-json\/wp\/v2\/media?parent=32403"}],"wp:term":[{"taxonomy":"product_brand","embeddable":true,"href":"https:\/\/www.tuvendes.com.ar\/demo\/wp-json\/wp\/v2\/product_brand?post=32403"},{"taxonomy":"product_cat","embeddable":true,"href":"https:\/\/www.tuvendes.com.ar\/demo\/wp-json\/wp\/v2\/product_cat?post=32403"},{"taxonomy":"product_tag","embeddable":true,"href":"https:\/\/www.tuvendes.com.ar\/demo\/wp-json\/wp\/v2\/product_tag?post=32403"}],"curies":[{"name":"wp","href":"https:\/\/api.w.org\/{rel}","templated":true}]}}