{"id":32409,"date":"2025-08-01T18:49:10","date_gmt":"2025-08-01T18:49:10","guid":{"rendered":"https:\/\/www.tuvendes.com.ar\/demo\/producto\/trust-aura-cooling-stand-rgb-gxt-1126-17\/"},"modified":"2025-08-13T00:49:40","modified_gmt":"2025-08-13T00:49:40","slug":"trust-aura-cooling-stand-rgb-gxt-1126-17","status":"publish","type":"product","link":"https:\/\/www.tuvendes.com.ar\/demo\/producto\/trust-aura-cooling-stand-rgb-gxt-1126-17\/","title":{"rendered":"TRUST Aura Cooling Stand RGB GXT 1126 17&#8243;"},"content":{"rendered":"<p>Frescor y tranquilidadSabemos que tu estilo de juego es ~emoji de fuego~,pero lo \u00fanico que deber\u00eda estar al rojo vivo es tu habilidad,no tu port\u00e1til Con ventiladores de refrigeraci\u00f3n ajustables de 200 mm,la base de refrigeraci\u00f3n Aura evita el sobrecalentamiento en port\u00e1tiles de hasta 17,3 pulgadas.Flujo de aireEl Aura de Trust utiliza un ventilador de 200 mmpara mantener el port\u00e1til refrigerado en los momentos m\u00e1s\u00e1lgidos del juego El gaming puede exigir mucho a un port\u00e1til Y puesto que el hardware se esfuerza paraofrecerte una gran experiencia de gaming,este ventilador garantiza que el port\u00e1til est\u00e9 refrigerado y funcione sinproblemas En los casos en que la partida no exija tantos recursos,cambia al modo silencioso para disfrutar de unarelajante y refrescante brisa.Ergonom\u00edaEste pedestal de refrigeraci\u00f3n es adecuado para ordenadores port\u00e1tiles de hasta 17,3 pulgadas Por lo general,eluso del port\u00e1til puede causar tensi\u00f3n en el cuello o la espalda debido a un mal \u00e1ngulo de visi\u00f3n Pero esto nosucede con el Aura de Trust El \u00e1ngulo del Aura se ajusta en 4 pasos diferentes,hasta 210 mm de altura,para crearun \u00e1ngulo de visi\u00f3n ergon\u00f3mico que se adapte mejor al usuario.La imagen tambi\u00e9n importaLa malla met\u00e1lica no solo existe para ofrecer un buen flujo de aire,sino que tambi\u00e9n puede aportar un lookatrevido al equipo de gaming Y puesto que en el gaming hay que destacar,la iluminaci\u00f3n multicolor ajustableaporta una imagen muy especial Elige entre 5 modos de color diferentes (ne\u00f3n,arco iris,respiraci\u00f3n,s\u00f3lido,parpadeo,apagado) y consigue un equipo de gaming que sea solo tuyo.Base de refrigeraci\u00f3n con ventilador de gran tama\u00f1o de 200 mm para refrigerar el port\u00e1tilSelecci\u00f3n de la velocidad del ventilador en modo silencioso o de rendimientoLa iluminaci\u00f3n multicolor es el complemento ideal del aspecto del port\u00e1til para gaming Elige entre 5 modos de color diferentes (ne\u00f3n,arco iris,respiraci\u00f3n,s\u00f3lido,parpadeo,apagado)Mejora la ergonom\u00eda colocando el port\u00e1til en una posici\u00f3n m\u00e1s elevadaAjusta el \u00e1ngulo en 4 pasos,hasta 210 mm de altoPlaca superior de rejilla met\u00e1lica para conseguir un aspecto elegante y un flujo de aire \u00f3ptimoPuede utilizarse con todos los port\u00e1tiles de hasta 17,3 pulgadas<\/p>\n","protected":false},"excerpt":{"rendered":"<p>Base de refrigeraci\u00f3n con iluminaci\u00f3n multicolor para mantener el port\u00e1til refrigerado durante las sesiones de gaming m\u00e1s intensas<\/p>\n","protected":false},"featured_media":32410,"template":"","meta":[],"product_brand":[],"product_cat":[1217],"product_tag":[],"class_list":{"0":"post-32409","1":"product","2":"type-product","3":"status-publish","4":"has-post-thumbnail","6":"product_cat-nuevo-import","8":"first","9":"instock","10":"shipping-taxable","11":"purchasable","12":"product-type-simple"},"_links":{"self":[{"href":"https:\/\/www.tuvendes.com.ar\/demo\/wp-json\/wp\/v2\/product\/32409","targetHints":{"allow":["GET"]}}],"collection":[{"href":"https:\/\/www.tuvendes.com.ar\/demo\/wp-json\/wp\/v2\/product"}],"about":[{"href":"https:\/\/www.tuvendes.com.ar\/demo\/wp-json\/wp\/v2\/types\/product"}],"wp:featuredmedia":[{"embeddable":true,"href":"https:\/\/www.tuvendes.com.ar\/demo\/wp-json\/wp\/v2\/media\/32410"}],"wp:attachment":[{"href":"https:\/\/www.tuvendes.com.ar\/demo\/wp-json\/wp\/v2\/media?parent=32409"}],"wp:term":[{"taxonomy":"product_brand","embeddable":true,"href":"https:\/\/www.tuvendes.com.ar\/demo\/wp-json\/wp\/v2\/product_brand?post=32409"},{"taxonomy":"product_cat","embeddable":true,"href":"https:\/\/www.tuvendes.com.ar\/demo\/wp-json\/wp\/v2\/product_cat?post=32409"},{"taxonomy":"product_tag","embeddable":true,"href":"https:\/\/www.tuvendes.com.ar\/demo\/wp-json\/wp\/v2\/product_tag?post=32409"}],"curies":[{"name":"wp","href":"https:\/\/api.w.org\/{rel}","templated":true}]}}