{"id":32421,"date":"2025-08-01T18:49:19","date_gmt":"2025-08-01T18:49:19","guid":{"rendered":"https:\/\/www.tuvendes.com.ar\/demo\/producto\/trust-primo-power-bank-15000mah-black\/"},"modified":"2025-08-13T00:49:59","modified_gmt":"2025-08-13T00:49:59","slug":"trust-primo-power-bank-15000mah-black","status":"publish","type":"product","link":"https:\/\/www.tuvendes.com.ar\/demo\/producto\/trust-primo-power-bank-15000mah-black\/","title":{"rendered":"TRUST Primo Power Bank 15000mAh Black"},"content":{"rendered":"<p>POWERBANK TRUST PRIMO COMPACTO15000 mAhBater\u00eda externa r\u00e1pida y de alta capacidad en un dise\u00f1o compactoColor NegroPara las bater\u00edas y para el mundoLa bater\u00eda externa m\u00f3vil PRIMO de 15.000 mAh &#8211; ECO se ha construido pensando en la autonom\u00eda de la bater\u00eda y el medio ambiente,se ha fabricado con materiales reciclados y ofrece hasta 69 horas adicionales de dispositivo con una sola carga.**Depende de la marca\/modelo y del estado de la bater\u00eda Solo a t\u00edtulo indicativo.2 en 1Carga simult\u00e1neamente tres tel\u00e9fonos o tabletas de cualquier marca a trav\u00e9s de 1 puerto USB-A y de 1 puerto USB-C,para que siempre est\u00e9s conectado y preparado para trabajar (o jugar) Recarga la propia bater\u00eda externa m\u00f3vil por el cable micro-USB incluido o el puerto USB-C.Prep\u00e1rate para salirUn dise\u00f1o compacto y ultraligero que te facilita el prepararte recargar y salir,sin a\u00f1adir peso o volumen a tu transporte diario,con capacidad de carga r\u00e1pida que carga tus dispositivos a la m\u00e1xima velocidad.****Carga r\u00e1pida con la m\u00e1xima velocidad a trav\u00e9s de USB-C (15W) o USB-A (12W) La velocidad de carga var\u00eda seg\u00fan los dispositivos.Tama\u00f1o y pesoPeso total 340 gramosPeso de la unidad principal 330 gramosProfundidad del producto principal 13,8 cmAncho del producto principal 7,2 cmAltura del producto principal 2 cmControlIndicadores de Nivel de bateriaLongitud del cable Cable micro USB 25 cmProtecciones de sobrecarga,sobrecorriente,sobredescarga,sobrecarga,sobrecalentamiento,cortocircuitoBater\u00eda segura y certificadaComposici\u00f3n de la bater\u00eda (alcalina,Li-ion,etc.) pol\u00edmero de iones de litioCapacidad de la bater\u00eda (mAh) 5000 mAhVoltaje de la bater\u00eda (voltios) 3,7 voltiosN\u00famero de celdas 3Ciclos de recarga 500Tiempo de recarga 9 horasClasificaci\u00f3n de vatios &#8211; hora 55,5 WhCantidad de cargas &#8211; tabletas 1,75Cantidad de cargos &#8211; tel\u00e9fonos 5Tiempo de uso adicional tablets 18 horasTiempo de uso adicionaltel\u00e9fonos 69 horasPuerto de entrada micro-USB y USB-CPotencia de entrada 5V \/ 2A \/ 10W-15Wrecarga r\u00e1pida S\u00edProducci\u00f3nTipos de puerto USB A x 2Tipos de puerto USB C x 1Tecnolog\u00eda de carga detecci\u00f3n autom\u00e1tica,USB-CEspecificaci\u00f3n de salida &#8211; Puerto 12,4 A \/ 12 W,detecci\u00f3n autom\u00e1ticaEspecificaci\u00f3n de salida &#8211; Puerto 23.0A\/15W,USB-CPotencia de salida total (m\u00e1x.)A,W 3A \/ 15WCompatibilidadTipos de dispositivos compatibles tableta,tel\u00e9fono inteligenteCompatibilidad general tel\u00e9fonos inteligentesInformaci\u00f3n adicionaln\u00famero de referencia 24677C\u00f3digo EAN 8713439246773Contenido del paqueteBateria externaCable de carga micro-USBManual del usuarioRequisitos del sistemaCargador USB para cargar la bater\u00eda externa<\/p>\n","protected":false},"excerpt":{"rendered":"<p>Bater\u00eda externa r\u00e1pida y de alta capacidad en un dise\u00f1o compacto (15 000 mAh)<\/p>\n","protected":false},"featured_media":32422,"template":"","meta":[],"product_brand":[],"product_cat":[1217],"product_tag":[],"class_list":{"0":"post-32421","1":"product","2":"type-product","3":"status-publish","4":"has-post-thumbnail","6":"product_cat-nuevo-import","8":"first","9":"instock","10":"shipping-taxable","11":"purchasable","12":"product-type-simple"},"_links":{"self":[{"href":"https:\/\/www.tuvendes.com.ar\/demo\/wp-json\/wp\/v2\/product\/32421","targetHints":{"allow":["GET"]}}],"collection":[{"href":"https:\/\/www.tuvendes.com.ar\/demo\/wp-json\/wp\/v2\/product"}],"about":[{"href":"https:\/\/www.tuvendes.com.ar\/demo\/wp-json\/wp\/v2\/types\/product"}],"wp:featuredmedia":[{"embeddable":true,"href":"https:\/\/www.tuvendes.com.ar\/demo\/wp-json\/wp\/v2\/media\/32422"}],"wp:attachment":[{"href":"https:\/\/www.tuvendes.com.ar\/demo\/wp-json\/wp\/v2\/media?parent=32421"}],"wp:term":[{"taxonomy":"product_brand","embeddable":true,"href":"https:\/\/www.tuvendes.com.ar\/demo\/wp-json\/wp\/v2\/product_brand?post=32421"},{"taxonomy":"product_cat","embeddable":true,"href":"https:\/\/www.tuvendes.com.ar\/demo\/wp-json\/wp\/v2\/product_cat?post=32421"},{"taxonomy":"product_tag","embeddable":true,"href":"https:\/\/www.tuvendes.com.ar\/demo\/wp-json\/wp\/v2\/product_tag?post=32421"}],"curies":[{"name":"wp","href":"https:\/\/api.w.org\/{rel}","templated":true}]}}