{"id":3261,"date":"2024-11-15T18:15:09","date_gmt":"2024-11-15T18:15:09","guid":{"rendered":"https:\/\/www.tuvendes.com.ar\/demo\/producto\/remera-summer\/"},"modified":"2026-04-19T13:10:51","modified_gmt":"2026-04-19T13:10:51","slug":"remera-summer","status":"publish","type":"product","link":"https:\/\/www.tuvendes.com.ar\/demo\/producto\/remera-summer\/","title":{"rendered":"Remera Summer"},"content":{"rendered":"<p>Remera de manga corta unisex en corte slim fit, con cuello redondo en ribb de algod\u00f3n. Esta prenda est\u00e1 confeccionada 100% en algod\u00f3n 24\/1 peinado, un recurso ecol\u00f3gico renovable y sostenible. <\/p>\n<p>Ella mide 1.68m, pesa 60 kilos y est\u00e1 usando talle M. \u00c9l mide 1.88m y est\u00e1 usando talle L.\u200b <\/p>\n<p>Recomendaciones de uso para cuidar tu prenda: Lavar a m\u00e1quina a 30\u00b0. No Blanquear. No secar en m\u00e1quina. Planchar suavemente, evitando el \u00e1rea estampada. <\/p>\n<p>ReUseMe<\/p>\n","protected":false},"excerpt":{"rendered":"<p>Remera de manga corta unisex en corte slim fit, con cuello redondo en ribb de algod\u00f3n. Esta prenda est\u00e1 confeccionada<\/p>\n","protected":false},"featured_media":44641,"template":"","meta":[],"product_brand":[],"product_cat":[1766,1755],"product_tag":[],"class_list":{"0":"post-3261","1":"product","2":"type-product","3":"status-publish","4":"has-post-thumbnail","6":"product_cat-apparel","7":"product_cat-sustentables","9":"first","10":"instock","11":"shipping-taxable","12":"purchasable","13":"product-type-variable"},"_links":{"self":[{"href":"https:\/\/www.tuvendes.com.ar\/demo\/wp-json\/wp\/v2\/product\/3261","targetHints":{"allow":["GET"]}}],"collection":[{"href":"https:\/\/www.tuvendes.com.ar\/demo\/wp-json\/wp\/v2\/product"}],"about":[{"href":"https:\/\/www.tuvendes.com.ar\/demo\/wp-json\/wp\/v2\/types\/product"}],"wp:featuredmedia":[{"embeddable":true,"href":"https:\/\/www.tuvendes.com.ar\/demo\/wp-json\/wp\/v2\/media\/44641"}],"wp:attachment":[{"href":"https:\/\/www.tuvendes.com.ar\/demo\/wp-json\/wp\/v2\/media?parent=3261"}],"wp:term":[{"taxonomy":"product_brand","embeddable":true,"href":"https:\/\/www.tuvendes.com.ar\/demo\/wp-json\/wp\/v2\/product_brand?post=3261"},{"taxonomy":"product_cat","embeddable":true,"href":"https:\/\/www.tuvendes.com.ar\/demo\/wp-json\/wp\/v2\/product_cat?post=3261"},{"taxonomy":"product_tag","embeddable":true,"href":"https:\/\/www.tuvendes.com.ar\/demo\/wp-json\/wp\/v2\/product_tag?post=3261"}],"curies":[{"name":"wp","href":"https:\/\/api.w.org\/{rel}","templated":true}]}}