{"id":32685,"date":"2025-08-01T18:52:46","date_gmt":"2025-08-01T18:52:46","guid":{"rendered":"https:\/\/www.tuvendes.com.ar\/demo\/producto\/trust-benya-mouse-pad-xxl-blue\/"},"modified":"2025-08-13T00:50:33","modified_gmt":"2025-08-13T00:50:33","slug":"trust-benya-mouse-pad-xxl-blue","status":"publish","type":"product","link":"https:\/\/www.tuvendes.com.ar\/demo\/producto\/trust-benya-mouse-pad-xxl-blue\/","title":{"rendered":"TRUST Benya Mouse pad XXL Blue"},"content":{"rendered":"<p>Alfombrilla de escritorio XXL para trabajar de forma fluida y organizadaUn lugar de trabajo ganadorConsiga todo el espacio que necesita para trabajar con la m\u00e1xima productividad gracias a la alfombrilla para escritorio Benya Con una extensi\u00f3n de 90 \u00d7 43 \u00d7 0,16 cm,esta alfombrilla para escritorio flexible tiene espacio m\u00e1s que suficiente para el teclado,el rat\u00f3n,el port\u00e1til y mucho m\u00e1s.F\u00e1cil y \u00e9tica<\/p>\n","protected":false},"excerpt":{"rendered":"<p>Trust Benya Alfombrilla de escritorio XXL<br \/>\nAlfombrilla de escritorio XXL para trabajar de forma fluida y organizada<\/p>\n","protected":false},"featured_media":32686,"template":"","meta":[],"product_brand":[],"product_cat":[1217],"product_tag":[],"class_list":{"0":"post-32685","1":"product","2":"type-product","3":"status-publish","4":"has-post-thumbnail","6":"product_cat-nuevo-import","8":"first","9":"instock","10":"shipping-taxable","11":"purchasable","12":"product-type-simple"},"_links":{"self":[{"href":"https:\/\/www.tuvendes.com.ar\/demo\/wp-json\/wp\/v2\/product\/32685","targetHints":{"allow":["GET"]}}],"collection":[{"href":"https:\/\/www.tuvendes.com.ar\/demo\/wp-json\/wp\/v2\/product"}],"about":[{"href":"https:\/\/www.tuvendes.com.ar\/demo\/wp-json\/wp\/v2\/types\/product"}],"wp:featuredmedia":[{"embeddable":true,"href":"https:\/\/www.tuvendes.com.ar\/demo\/wp-json\/wp\/v2\/media\/32686"}],"wp:attachment":[{"href":"https:\/\/www.tuvendes.com.ar\/demo\/wp-json\/wp\/v2\/media?parent=32685"}],"wp:term":[{"taxonomy":"product_brand","embeddable":true,"href":"https:\/\/www.tuvendes.com.ar\/demo\/wp-json\/wp\/v2\/product_brand?post=32685"},{"taxonomy":"product_cat","embeddable":true,"href":"https:\/\/www.tuvendes.com.ar\/demo\/wp-json\/wp\/v2\/product_cat?post=32685"},{"taxonomy":"product_tag","embeddable":true,"href":"https:\/\/www.tuvendes.com.ar\/demo\/wp-json\/wp\/v2\/product_tag?post=32685"}],"curies":[{"name":"wp","href":"https:\/\/api.w.org\/{rel}","templated":true}]}}