{"id":37309,"date":"2025-11-18T19:09:46","date_gmt":"2025-11-18T19:09:46","guid":{"rendered":"https:\/\/www.tuvendes.com.ar\/demo\/producto\/carpa-mini-s-imp\/"},"modified":"2026-05-02T18:07:55","modified_gmt":"2026-05-02T18:07:55","slug":"carpa-mini-s-imp","status":"publish","type":"product","link":"https:\/\/www.tuvendes.com.ar\/demo\/producto\/carpa-mini-s-imp\/","title":{"rendered":"CARPA MINI S\/imp."},"content":{"rendered":"<p>Material: Poliestireno Inyectado. Tama\u00f1o: 15,5 x 8,5 cm.. \u00c1rea de impresi\u00f3n: 7,5 cm de ancho x 6,5 cm de alto<\/p>\n","protected":false},"excerpt":{"rendered":"<p>Material: Poliestireno Inyectado. Tama\u00f1o: 15,5 x 8,5 cm.. \u00c1rea de impresi\u00f3n: 7,5 cm de ancho x 6,5 cm de alto<\/p>\n","protected":false},"featured_media":33006,"template":"","meta":[],"product_brand":[],"product_cat":[1224],"product_tag":[],"class_list":{"0":"post-37309","1":"product","2":"type-product","3":"status-publish","4":"has-post-thumbnail","6":"product_cat-mcalendarios","7":"pa_material-poliestireno-inyectado","9":"first","10":"instock","11":"shipping-taxable","12":"purchasable","13":"product-type-variable"},"_links":{"self":[{"href":"https:\/\/www.tuvendes.com.ar\/demo\/wp-json\/wp\/v2\/product\/37309","targetHints":{"allow":["GET"]}}],"collection":[{"href":"https:\/\/www.tuvendes.com.ar\/demo\/wp-json\/wp\/v2\/product"}],"about":[{"href":"https:\/\/www.tuvendes.com.ar\/demo\/wp-json\/wp\/v2\/types\/product"}],"wp:featuredmedia":[{"embeddable":true,"href":"https:\/\/www.tuvendes.com.ar\/demo\/wp-json\/wp\/v2\/media\/33006"}],"wp:attachment":[{"href":"https:\/\/www.tuvendes.com.ar\/demo\/wp-json\/wp\/v2\/media?parent=37309"}],"wp:term":[{"taxonomy":"product_brand","embeddable":true,"href":"https:\/\/www.tuvendes.com.ar\/demo\/wp-json\/wp\/v2\/product_brand?post=37309"},{"taxonomy":"product_cat","embeddable":true,"href":"https:\/\/www.tuvendes.com.ar\/demo\/wp-json\/wp\/v2\/product_cat?post=37309"},{"taxonomy":"product_tag","embeddable":true,"href":"https:\/\/www.tuvendes.com.ar\/demo\/wp-json\/wp\/v2\/product_tag?post=37309"}],"curies":[{"name":"wp","href":"https:\/\/api.w.org\/{rel}","templated":true}]}}