{"id":37344,"date":"2025-11-18T19:09:53","date_gmt":"2025-11-18T19:09:53","guid":{"rendered":"https:\/\/www.tuvendes.com.ar\/demo\/producto\/portatarjetas-s-imp\/"},"modified":"2026-05-02T20:06:35","modified_gmt":"2026-05-02T20:06:35","slug":"portatarjetas-s-imp","status":"publish","type":"product","link":"https:\/\/www.tuvendes.com.ar\/demo\/producto\/portatarjetas-s-imp\/","title":{"rendered":"PORTATARJETAS S\/Imp."},"content":{"rendered":"<p>Tu marca va a todos lados.<br \/>\n\u00a1Para que no se pierda la SUBE!<br \/>\nIdeal para proteger la credencial de acceso a la oficina.. Material: Polipropileno. Tama\u00f1o: 9.5 cm x 5,8 cm. \u00c1rea de impresi\u00f3n: 9 cm x 5.5 cm<\/p>\n","protected":false},"excerpt":{"rendered":"<p>Tu marca va a todos lados. \u00a1Para que no se pierda la SUBE! Ideal para proteger la credencial de acceso<\/p>\n","protected":false},"featured_media":33215,"template":"","meta":[],"product_brand":[],"product_cat":[1537],"product_tag":[],"class_list":{"0":"post-37344","1":"product","2":"type-product","3":"status-publish","4":"has-post-thumbnail","6":"product_cat-novedades","7":"pa_material-polipropileno","9":"first","10":"instock","11":"shipping-taxable","12":"purchasable","13":"product-type-variable"},"_links":{"self":[{"href":"https:\/\/www.tuvendes.com.ar\/demo\/wp-json\/wp\/v2\/product\/37344","targetHints":{"allow":["GET"]}}],"collection":[{"href":"https:\/\/www.tuvendes.com.ar\/demo\/wp-json\/wp\/v2\/product"}],"about":[{"href":"https:\/\/www.tuvendes.com.ar\/demo\/wp-json\/wp\/v2\/types\/product"}],"wp:featuredmedia":[{"embeddable":true,"href":"https:\/\/www.tuvendes.com.ar\/demo\/wp-json\/wp\/v2\/media\/33215"}],"wp:attachment":[{"href":"https:\/\/www.tuvendes.com.ar\/demo\/wp-json\/wp\/v2\/media?parent=37344"}],"wp:term":[{"taxonomy":"product_brand","embeddable":true,"href":"https:\/\/www.tuvendes.com.ar\/demo\/wp-json\/wp\/v2\/product_brand?post=37344"},{"taxonomy":"product_cat","embeddable":true,"href":"https:\/\/www.tuvendes.com.ar\/demo\/wp-json\/wp\/v2\/product_cat?post=37344"},{"taxonomy":"product_tag","embeddable":true,"href":"https:\/\/www.tuvendes.com.ar\/demo\/wp-json\/wp\/v2\/product_tag?post=37344"}],"curies":[{"name":"wp","href":"https:\/\/api.w.org\/{rel}","templated":true}]}}