{"id":37347,"date":"2025-11-18T19:09:54","date_gmt":"2025-11-18T19:09:54","guid":{"rendered":"https:\/\/www.tuvendes.com.ar\/demo\/producto\/boligrafo-bremen-metal-s-imp\/"},"modified":"2026-05-02T20:06:46","modified_gmt":"2026-05-02T20:06:46","slug":"boligrafo-bremen-metal-s-imp","status":"publish","type":"product","link":"https:\/\/www.tuvendes.com.ar\/demo\/producto\/boligrafo-bremen-metal-s-imp\/","title":{"rendered":"BOLIGRAFO BREMEN METAL S\/Imp."},"content":{"rendered":"<p>Material: ABS inyectado. Tama\u00f1o: 13 cm. \u00c1rea de impresi\u00f3n: 60 mm x 7 mm<\/p>\n","protected":false},"excerpt":{"rendered":"<p>Material: ABS inyectado. Tama\u00f1o: 13 cm. \u00c1rea de impresi\u00f3n: 60 mm x 7 mm<\/p>\n","protected":false},"featured_media":33223,"template":"","meta":[],"product_brand":[],"product_cat":[1262],"product_tag":[],"class_list":{"0":"post-37347","1":"product","2":"type-product","3":"status-publish","4":"has-post-thumbnail","6":"product_cat-mescrituraplasticos","7":"pa_material-abs-inyectado","9":"first","10":"instock","11":"shipping-taxable","12":"purchasable","13":"product-type-variable"},"_links":{"self":[{"href":"https:\/\/www.tuvendes.com.ar\/demo\/wp-json\/wp\/v2\/product\/37347","targetHints":{"allow":["GET"]}}],"collection":[{"href":"https:\/\/www.tuvendes.com.ar\/demo\/wp-json\/wp\/v2\/product"}],"about":[{"href":"https:\/\/www.tuvendes.com.ar\/demo\/wp-json\/wp\/v2\/types\/product"}],"wp:featuredmedia":[{"embeddable":true,"href":"https:\/\/www.tuvendes.com.ar\/demo\/wp-json\/wp\/v2\/media\/33223"}],"wp:attachment":[{"href":"https:\/\/www.tuvendes.com.ar\/demo\/wp-json\/wp\/v2\/media?parent=37347"}],"wp:term":[{"taxonomy":"product_brand","embeddable":true,"href":"https:\/\/www.tuvendes.com.ar\/demo\/wp-json\/wp\/v2\/product_brand?post=37347"},{"taxonomy":"product_cat","embeddable":true,"href":"https:\/\/www.tuvendes.com.ar\/demo\/wp-json\/wp\/v2\/product_cat?post=37347"},{"taxonomy":"product_tag","embeddable":true,"href":"https:\/\/www.tuvendes.com.ar\/demo\/wp-json\/wp\/v2\/product_tag?post=37347"}],"curies":[{"name":"wp","href":"https:\/\/api.w.org\/{rel}","templated":true}]}}