{"id":37355,"date":"2025-11-18T19:09:55","date_gmt":"2025-11-18T19:09:55","guid":{"rendered":"https:\/\/www.tuvendes.com.ar\/demo\/producto\/ecobolsa-30x40-manija-rinon-s-imp\/"},"modified":"2026-05-02T21:04:20","modified_gmt":"2026-05-02T21:04:20","slug":"ecobolsa-30x40-manija-rinon-s-imp","status":"publish","type":"product","link":"https:\/\/www.tuvendes.com.ar\/demo\/producto\/ecobolsa-30x40-manija-rinon-s-imp\/","title":{"rendered":"ECOBOLSA 30&#215;40 MANIJA RI\u00d1ON S\/Imp."},"content":{"rendered":"<p>Material: Tela no tejida 80grs. Tama\u00f1o: 30cm ancho x 40 cm alto x 10 cm base. \u00c1rea de impresi\u00f3n: 20cm x 15cm<\/p>\n","protected":false},"excerpt":{"rendered":"<p>Material: Tela no tejida 80grs. Tama\u00f1o: 30cm ancho x 40 cm alto x 10 cm base. \u00c1rea de impresi\u00f3n: 20cm<\/p>\n","protected":false},"featured_media":33248,"template":"","meta":[],"product_brand":[],"product_cat":[1269],"product_tag":[],"class_list":{"0":"post-37355","1":"product","2":"type-product","3":"status-publish","4":"has-post-thumbnail","6":"product_cat-mecobolsas","7":"pa_material-tela-no-tejida-80grs","9":"first","10":"instock","11":"shipping-taxable","12":"purchasable","13":"product-type-variable"},"_links":{"self":[{"href":"https:\/\/www.tuvendes.com.ar\/demo\/wp-json\/wp\/v2\/product\/37355","targetHints":{"allow":["GET"]}}],"collection":[{"href":"https:\/\/www.tuvendes.com.ar\/demo\/wp-json\/wp\/v2\/product"}],"about":[{"href":"https:\/\/www.tuvendes.com.ar\/demo\/wp-json\/wp\/v2\/types\/product"}],"wp:featuredmedia":[{"embeddable":true,"href":"https:\/\/www.tuvendes.com.ar\/demo\/wp-json\/wp\/v2\/media\/33248"}],"wp:attachment":[{"href":"https:\/\/www.tuvendes.com.ar\/demo\/wp-json\/wp\/v2\/media?parent=37355"}],"wp:term":[{"taxonomy":"product_brand","embeddable":true,"href":"https:\/\/www.tuvendes.com.ar\/demo\/wp-json\/wp\/v2\/product_brand?post=37355"},{"taxonomy":"product_cat","embeddable":true,"href":"https:\/\/www.tuvendes.com.ar\/demo\/wp-json\/wp\/v2\/product_cat?post=37355"},{"taxonomy":"product_tag","embeddable":true,"href":"https:\/\/www.tuvendes.com.ar\/demo\/wp-json\/wp\/v2\/product_tag?post=37355"}],"curies":[{"name":"wp","href":"https:\/\/api.w.org\/{rel}","templated":true}]}}