{"id":37375,"date":"2025-11-18T19:10:01","date_gmt":"2025-11-18T19:10:01","guid":{"rendered":"https:\/\/www.tuvendes.com.ar\/demo\/producto\/ecobolsa-30x40-70g-con-manija-s-imp\/"},"modified":"2026-05-02T21:06:48","modified_gmt":"2026-05-02T21:06:48","slug":"ecobolsa-30x40-70g-con-manija-s-imp","status":"publish","type":"product","link":"https:\/\/www.tuvendes.com.ar\/demo\/producto\/ecobolsa-30x40-70g-con-manija-s-imp\/","title":{"rendered":"ECOBOLSA 30&#215;40 70g. CON MANIJA S\/Imp."},"content":{"rendered":"<p>Bolsas reutilizables para cuidar el medioambiente.. Material: Tela no tejida 70grs. Tama\u00f1o: 30 x 40 x 10 cm. \u00c1rea de impresi\u00f3n: 24 x 24 cm<\/p>\n","protected":false},"excerpt":{"rendered":"<p>Bolsas reutilizables para cuidar el medioambiente.. Material: Tela no tejida 70grs. Tama\u00f1o: 30 x 40 x 10 cm. \u00c1rea de<\/p>\n","protected":false},"featured_media":32910,"template":"","meta":[],"product_brand":[],"product_cat":[1269],"product_tag":[],"class_list":{"0":"post-37375","1":"product","2":"type-product","3":"status-publish","4":"has-post-thumbnail","6":"product_cat-mecobolsas","7":"pa_material-tela-no-tejida-70grs","9":"first","10":"instock","11":"shipping-taxable","12":"purchasable","13":"product-type-variable"},"_links":{"self":[{"href":"https:\/\/www.tuvendes.com.ar\/demo\/wp-json\/wp\/v2\/product\/37375","targetHints":{"allow":["GET"]}}],"collection":[{"href":"https:\/\/www.tuvendes.com.ar\/demo\/wp-json\/wp\/v2\/product"}],"about":[{"href":"https:\/\/www.tuvendes.com.ar\/demo\/wp-json\/wp\/v2\/types\/product"}],"wp:featuredmedia":[{"embeddable":true,"href":"https:\/\/www.tuvendes.com.ar\/demo\/wp-json\/wp\/v2\/media\/32910"}],"wp:attachment":[{"href":"https:\/\/www.tuvendes.com.ar\/demo\/wp-json\/wp\/v2\/media?parent=37375"}],"wp:term":[{"taxonomy":"product_brand","embeddable":true,"href":"https:\/\/www.tuvendes.com.ar\/demo\/wp-json\/wp\/v2\/product_brand?post=37375"},{"taxonomy":"product_cat","embeddable":true,"href":"https:\/\/www.tuvendes.com.ar\/demo\/wp-json\/wp\/v2\/product_cat?post=37375"},{"taxonomy":"product_tag","embeddable":true,"href":"https:\/\/www.tuvendes.com.ar\/demo\/wp-json\/wp\/v2\/product_tag?post=37375"}],"curies":[{"name":"wp","href":"https:\/\/api.w.org\/{rel}","templated":true}]}}