{"id":37379,"date":"2025-11-18T19:10:02","date_gmt":"2025-11-18T19:10:02","guid":{"rendered":"https:\/\/www.tuvendes.com.ar\/demo\/producto\/jarro-mug-sublimable-s-imp\/"},"modified":"2026-05-02T23:00:39","modified_gmt":"2026-05-02T23:00:39","slug":"jarro-mug-sublimable-s-imp","status":"publish","type":"product","link":"https:\/\/www.tuvendes.com.ar\/demo\/producto\/jarro-mug-sublimable-s-imp\/","title":{"rendered":"JARRO MUG SUBLIMABLE, S\/Imp."},"content":{"rendered":"<p>Material: Pl\u00e1stico sublimable. Tama\u00f1o: 8,5 cm \u00f8 x 9 cm alto . \u00c1rea de impresi\u00f3n: 100%<\/p>\n","protected":false},"excerpt":{"rendered":"<p>Material: Pl\u00e1stico sublimable. Tama\u00f1o: 8,5 cm \u00f8 x 9 cm alto . \u00c1rea de impresi\u00f3n: 100%<\/p>\n","protected":false},"featured_media":33281,"template":"","meta":[],"product_brand":[],"product_cat":[1340],"product_tag":[],"class_list":{"0":"post-37379","1":"product","2":"type-product","3":"status-publish","4":"has-post-thumbnail","6":"product_cat-mgastronomiasublimable","7":"pa_material-plastico-sublimable","9":"first","10":"instock","11":"shipping-taxable","12":"purchasable","13":"product-type-simple"},"_links":{"self":[{"href":"https:\/\/www.tuvendes.com.ar\/demo\/wp-json\/wp\/v2\/product\/37379","targetHints":{"allow":["GET"]}}],"collection":[{"href":"https:\/\/www.tuvendes.com.ar\/demo\/wp-json\/wp\/v2\/product"}],"about":[{"href":"https:\/\/www.tuvendes.com.ar\/demo\/wp-json\/wp\/v2\/types\/product"}],"wp:featuredmedia":[{"embeddable":true,"href":"https:\/\/www.tuvendes.com.ar\/demo\/wp-json\/wp\/v2\/media\/33281"}],"wp:attachment":[{"href":"https:\/\/www.tuvendes.com.ar\/demo\/wp-json\/wp\/v2\/media?parent=37379"}],"wp:term":[{"taxonomy":"product_brand","embeddable":true,"href":"https:\/\/www.tuvendes.com.ar\/demo\/wp-json\/wp\/v2\/product_brand?post=37379"},{"taxonomy":"product_cat","embeddable":true,"href":"https:\/\/www.tuvendes.com.ar\/demo\/wp-json\/wp\/v2\/product_cat?post=37379"},{"taxonomy":"product_tag","embeddable":true,"href":"https:\/\/www.tuvendes.com.ar\/demo\/wp-json\/wp\/v2\/product_tag?post=37379"}],"curies":[{"name":"wp","href":"https:\/\/api.w.org\/{rel}","templated":true}]}}