{"id":37410,"date":"2025-11-18T19:10:11","date_gmt":"2025-11-18T19:10:11","guid":{"rendered":"https:\/\/www.tuvendes.com.ar\/demo\/producto\/tarro-alto-eco-s-imp\/"},"modified":"2026-05-02T19:09:28","modified_gmt":"2026-05-02T19:09:28","slug":"tarro-alto-eco-s-imp","status":"publish","type":"product","link":"https:\/\/www.tuvendes.com.ar\/demo\/producto\/tarro-alto-eco-s-imp\/","title":{"rendered":"TARRO ALTO ECO S\/Imp."},"content":{"rendered":"<p>\u00a1Marc\u00e1 una diferencia en el cuidado del medio ambiente!. Material: Poliestireno, compuesto de madera. Tama\u00f1o: 9 x 28,5 cm. \u00c1rea de impresi\u00f3n: 8,6 x 10,5 cm<\/p>\n","protected":false},"excerpt":{"rendered":"<p>\u00a1Marc\u00e1 una diferencia en el cuidado del medio ambiente!. Material: Poliestireno, compuesto de madera. Tama\u00f1o: 9 x 28,5 cm. \u00c1rea<\/p>\n","protected":false},"featured_media":33434,"template":"","meta":[],"product_brand":[],"product_cat":[1244],"product_tag":[],"class_list":{"0":"post-37410","1":"product","2":"type-product","3":"status-publish","4":"has-post-thumbnail","6":"product_cat-mgastronomia","7":"pa_material-poliestireno-compuesto-de-madera","9":"first","10":"instock","11":"shipping-taxable","12":"purchasable","13":"product-type-variable"},"_links":{"self":[{"href":"https:\/\/www.tuvendes.com.ar\/demo\/wp-json\/wp\/v2\/product\/37410","targetHints":{"allow":["GET"]}}],"collection":[{"href":"https:\/\/www.tuvendes.com.ar\/demo\/wp-json\/wp\/v2\/product"}],"about":[{"href":"https:\/\/www.tuvendes.com.ar\/demo\/wp-json\/wp\/v2\/types\/product"}],"wp:featuredmedia":[{"embeddable":true,"href":"https:\/\/www.tuvendes.com.ar\/demo\/wp-json\/wp\/v2\/media\/33434"}],"wp:attachment":[{"href":"https:\/\/www.tuvendes.com.ar\/demo\/wp-json\/wp\/v2\/media?parent=37410"}],"wp:term":[{"taxonomy":"product_brand","embeddable":true,"href":"https:\/\/www.tuvendes.com.ar\/demo\/wp-json\/wp\/v2\/product_brand?post=37410"},{"taxonomy":"product_cat","embeddable":true,"href":"https:\/\/www.tuvendes.com.ar\/demo\/wp-json\/wp\/v2\/product_cat?post=37410"},{"taxonomy":"product_tag","embeddable":true,"href":"https:\/\/www.tuvendes.com.ar\/demo\/wp-json\/wp\/v2\/product_tag?post=37410"}],"curies":[{"name":"wp","href":"https:\/\/api.w.org\/{rel}","templated":true}]}}