{"id":37417,"date":"2025-11-18T19:10:12","date_gmt":"2025-11-18T19:10:12","guid":{"rendered":"https:\/\/www.tuvendes.com.ar\/demo\/producto\/jarro-termico-eco-s-imp\/"},"modified":"2026-05-02T19:01:44","modified_gmt":"2026-05-02T19:01:44","slug":"jarro-termico-eco-s-imp","status":"publish","type":"product","link":"https:\/\/www.tuvendes.com.ar\/demo\/producto\/jarro-termico-eco-s-imp\/","title":{"rendered":"JARRO TERMICO ECO S\/Imp."},"content":{"rendered":"<p>Producto amigable con el planeta.. Material: SAM + Polipropileno + Compuesto de madera. Tama\u00f1o: 17 x 8 cm.. \u00c1rea de impresi\u00f3n: 3,2 x 4 cm<\/p>\n","protected":false},"excerpt":{"rendered":"<p>Producto amigable con el planeta.. Material: SAM + Polipropileno + Compuesto de madera. Tama\u00f1o: 17 x 8 cm.. \u00c1rea de<\/p>\n","protected":false},"featured_media":33098,"template":"","meta":[],"product_brand":[],"product_cat":[1244],"product_tag":[],"class_list":{"0":"post-37417","1":"product","2":"type-product","3":"status-publish","4":"has-post-thumbnail","6":"product_cat-mgastronomia","7":"pa_material-sam-polipropileno-compuesto-de-madera","9":"first","10":"instock","11":"shipping-taxable","12":"purchasable","13":"product-type-simple"},"_links":{"self":[{"href":"https:\/\/www.tuvendes.com.ar\/demo\/wp-json\/wp\/v2\/product\/37417","targetHints":{"allow":["GET"]}}],"collection":[{"href":"https:\/\/www.tuvendes.com.ar\/demo\/wp-json\/wp\/v2\/product"}],"about":[{"href":"https:\/\/www.tuvendes.com.ar\/demo\/wp-json\/wp\/v2\/types\/product"}],"wp:featuredmedia":[{"embeddable":true,"href":"https:\/\/www.tuvendes.com.ar\/demo\/wp-json\/wp\/v2\/media\/33098"}],"wp:attachment":[{"href":"https:\/\/www.tuvendes.com.ar\/demo\/wp-json\/wp\/v2\/media?parent=37417"}],"wp:term":[{"taxonomy":"product_brand","embeddable":true,"href":"https:\/\/www.tuvendes.com.ar\/demo\/wp-json\/wp\/v2\/product_brand?post=37417"},{"taxonomy":"product_cat","embeddable":true,"href":"https:\/\/www.tuvendes.com.ar\/demo\/wp-json\/wp\/v2\/product_cat?post=37417"},{"taxonomy":"product_tag","embeddable":true,"href":"https:\/\/www.tuvendes.com.ar\/demo\/wp-json\/wp\/v2\/product_tag?post=37417"}],"curies":[{"name":"wp","href":"https:\/\/api.w.org\/{rel}","templated":true}]}}