{"id":37450,"date":"2025-11-18T19:10:20","date_gmt":"2025-11-18T19:10:20","guid":{"rendered":"https:\/\/www.tuvendes.com.ar\/demo\/producto\/boligrafo-doob-tinta-negra-s-imp\/"},"modified":"2026-05-02T20:02:32","modified_gmt":"2026-05-02T20:02:32","slug":"boligrafo-doob-tinta-negra-s-imp","status":"publish","type":"product","link":"https:\/\/www.tuvendes.com.ar\/demo\/producto\/boligrafo-doob-tinta-negra-s-imp\/","title":{"rendered":"BOLIGRAFO DOOB TINTA NEGRA S\/Imp."},"content":{"rendered":"<p>Material: Alto impacto. Tama\u00f1o: 15 X 0,8 cm.. \u00c1rea de impresi\u00f3n: 48 mm x 20 mm<\/p>\n","protected":false},"excerpt":{"rendered":"<p>Material: Alto impacto. Tama\u00f1o: 15 X 0,8 cm.. \u00c1rea de impresi\u00f3n: 48 mm x 20 mm<\/p>\n","protected":false},"featured_media":33239,"template":"","meta":[],"product_brand":[],"product_cat":[1262],"product_tag":[],"class_list":{"0":"post-37450","1":"product","2":"type-product","3":"status-publish","4":"has-post-thumbnail","6":"product_cat-mescrituraplasticos","7":"pa_material-alto-impacto","9":"first","10":"instock","11":"shipping-taxable","12":"purchasable","13":"product-type-variable"},"_links":{"self":[{"href":"https:\/\/www.tuvendes.com.ar\/demo\/wp-json\/wp\/v2\/product\/37450","targetHints":{"allow":["GET"]}}],"collection":[{"href":"https:\/\/www.tuvendes.com.ar\/demo\/wp-json\/wp\/v2\/product"}],"about":[{"href":"https:\/\/www.tuvendes.com.ar\/demo\/wp-json\/wp\/v2\/types\/product"}],"wp:featuredmedia":[{"embeddable":true,"href":"https:\/\/www.tuvendes.com.ar\/demo\/wp-json\/wp\/v2\/media\/33239"}],"wp:attachment":[{"href":"https:\/\/www.tuvendes.com.ar\/demo\/wp-json\/wp\/v2\/media?parent=37450"}],"wp:term":[{"taxonomy":"product_brand","embeddable":true,"href":"https:\/\/www.tuvendes.com.ar\/demo\/wp-json\/wp\/v2\/product_brand?post=37450"},{"taxonomy":"product_cat","embeddable":true,"href":"https:\/\/www.tuvendes.com.ar\/demo\/wp-json\/wp\/v2\/product_cat?post=37450"},{"taxonomy":"product_tag","embeddable":true,"href":"https:\/\/www.tuvendes.com.ar\/demo\/wp-json\/wp\/v2\/product_tag?post=37450"}],"curies":[{"name":"wp","href":"https:\/\/api.w.org\/{rel}","templated":true}]}}