{"id":37467,"date":"2025-11-18T19:10:26","date_gmt":"2025-11-18T19:10:26","guid":{"rendered":"https:\/\/www.tuvendes.com.ar\/demo\/producto\/boligrafo-doob-cristal-s-imp\/"},"modified":"2026-05-02T21:08:04","modified_gmt":"2026-05-02T21:08:04","slug":"boligrafo-doob-cristal-s-imp","status":"publish","type":"product","link":"https:\/\/www.tuvendes.com.ar\/demo\/producto\/boligrafo-doob-cristal-s-imp\/","title":{"rendered":"BOLIGRAFO DOOB CRISTAL S\/Imp."},"content":{"rendered":"<p>Para todo tipo de eventos y acciones publicitarias.. Material: Alto impacto. Tama\u00f1o: 15 X 0,8 cm.. \u00c1rea de impresi\u00f3n: 48 mm x 20 mm<\/p>\n","protected":false},"excerpt":{"rendered":"<p>Para todo tipo de eventos y acciones publicitarias.. Material: Alto impacto. Tama\u00f1o: 15 X 0,8 cm.. \u00c1rea de impresi\u00f3n: 48<\/p>\n","protected":false},"featured_media":33206,"template":"","meta":[],"product_brand":[],"product_cat":[1262],"product_tag":[],"class_list":{"0":"post-37467","1":"product","2":"type-product","3":"status-publish","4":"has-post-thumbnail","6":"product_cat-mescrituraplasticos","7":"pa_material-alto-impacto","9":"first","10":"instock","11":"shipping-taxable","12":"purchasable","13":"product-type-variable"},"_links":{"self":[{"href":"https:\/\/www.tuvendes.com.ar\/demo\/wp-json\/wp\/v2\/product\/37467","targetHints":{"allow":["GET"]}}],"collection":[{"href":"https:\/\/www.tuvendes.com.ar\/demo\/wp-json\/wp\/v2\/product"}],"about":[{"href":"https:\/\/www.tuvendes.com.ar\/demo\/wp-json\/wp\/v2\/types\/product"}],"wp:featuredmedia":[{"embeddable":true,"href":"https:\/\/www.tuvendes.com.ar\/demo\/wp-json\/wp\/v2\/media\/33206"}],"wp:attachment":[{"href":"https:\/\/www.tuvendes.com.ar\/demo\/wp-json\/wp\/v2\/media?parent=37467"}],"wp:term":[{"taxonomy":"product_brand","embeddable":true,"href":"https:\/\/www.tuvendes.com.ar\/demo\/wp-json\/wp\/v2\/product_brand?post=37467"},{"taxonomy":"product_cat","embeddable":true,"href":"https:\/\/www.tuvendes.com.ar\/demo\/wp-json\/wp\/v2\/product_cat?post=37467"},{"taxonomy":"product_tag","embeddable":true,"href":"https:\/\/www.tuvendes.com.ar\/demo\/wp-json\/wp\/v2\/product_tag?post=37467"}],"curies":[{"name":"wp","href":"https:\/\/api.w.org\/{rel}","templated":true}]}}