{"id":37479,"date":"2025-11-18T19:10:28","date_gmt":"2025-11-18T19:10:28","guid":{"rendered":"https:\/\/www.tuvendes.com.ar\/demo\/producto\/set-de-lapices-anim-s-imp\/"},"modified":"2026-05-02T20:02:11","modified_gmt":"2026-05-02T20:02:11","slug":"set-de-lapices-anim-s-imp","status":"publish","type":"product","link":"https:\/\/www.tuvendes.com.ar\/demo\/producto\/set-de-lapices-anim-s-imp\/","title":{"rendered":"SET DE L\u00c1PICES ANIM S\/Imp."},"content":{"rendered":"<p>Material: Madera. Tama\u00f1o: Caja 73 x 89 x 12 mm.. \u00c1rea de impresi\u00f3n: 55 x 50 mm<\/p>\n","protected":false},"excerpt":{"rendered":"<p>Material: Madera. Tama\u00f1o: Caja 73 x 89 x 12 mm.. \u00c1rea de impresi\u00f3n: 55 x 50 mm<\/p>\n","protected":false},"featured_media":32994,"template":"","meta":[],"product_brand":[],"product_cat":[1291],"product_tag":[],"class_list":{"0":"post-37479","1":"product","2":"type-product","3":"status-publish","4":"has-post-thumbnail","6":"product_cat-mescrituralapices","7":"pa_material-madera","9":"first","10":"instock","11":"shipping-taxable","12":"purchasable","13":"product-type-simple"},"_links":{"self":[{"href":"https:\/\/www.tuvendes.com.ar\/demo\/wp-json\/wp\/v2\/product\/37479","targetHints":{"allow":["GET"]}}],"collection":[{"href":"https:\/\/www.tuvendes.com.ar\/demo\/wp-json\/wp\/v2\/product"}],"about":[{"href":"https:\/\/www.tuvendes.com.ar\/demo\/wp-json\/wp\/v2\/types\/product"}],"wp:featuredmedia":[{"embeddable":true,"href":"https:\/\/www.tuvendes.com.ar\/demo\/wp-json\/wp\/v2\/media\/32994"}],"wp:attachment":[{"href":"https:\/\/www.tuvendes.com.ar\/demo\/wp-json\/wp\/v2\/media?parent=37479"}],"wp:term":[{"taxonomy":"product_brand","embeddable":true,"href":"https:\/\/www.tuvendes.com.ar\/demo\/wp-json\/wp\/v2\/product_brand?post=37479"},{"taxonomy":"product_cat","embeddable":true,"href":"https:\/\/www.tuvendes.com.ar\/demo\/wp-json\/wp\/v2\/product_cat?post=37479"},{"taxonomy":"product_tag","embeddable":true,"href":"https:\/\/www.tuvendes.com.ar\/demo\/wp-json\/wp\/v2\/product_tag?post=37479"}],"curies":[{"name":"wp","href":"https:\/\/api.w.org\/{rel}","templated":true}]}}