{"id":37482,"date":"2025-11-18T19:10:29","date_gmt":"2025-11-18T19:10:29","guid":{"rendered":"https:\/\/www.tuvendes.com.ar\/demo\/producto\/llavero-cuadrado-aro-y-triangulo-s-armar-s-imp\/"},"modified":"2026-05-02T22:02:03","modified_gmt":"2026-05-02T22:02:03","slug":"llavero-cuadrado-aro-y-triangulo-s-armar-s-imp","status":"publish","type":"product","link":"https:\/\/www.tuvendes.com.ar\/demo\/producto\/llavero-cuadrado-aro-y-triangulo-s-armar-s-imp\/","title":{"rendered":"LLAVERO CUADRADO, ARO Y TRIANGULO S\/Armar S\/Imp."},"content":{"rendered":"<p>Material: Poliestireno. Tama\u00f1o: 4 x 4 cm. \u00c1rea de impresi\u00f3n: 3,5 x 3,7 cm<\/p>\n","protected":false},"excerpt":{"rendered":"<p>Material: Poliestireno. Tama\u00f1o: 4 x 4 cm. \u00c1rea de impresi\u00f3n: 3,5 x 3,7 cm<\/p>\n","protected":false},"featured_media":33028,"template":"","meta":[],"product_brand":[],"product_cat":[1263],"product_tag":[],"class_list":{"0":"post-37482","1":"product","2":"type-product","3":"status-publish","4":"has-post-thumbnail","6":"product_cat-mllaveros","7":"pa_material-poliestireno","9":"first","10":"outofstock","11":"shipping-taxable","12":"purchasable","13":"product-type-simple"},"_links":{"self":[{"href":"https:\/\/www.tuvendes.com.ar\/demo\/wp-json\/wp\/v2\/product\/37482","targetHints":{"allow":["GET"]}}],"collection":[{"href":"https:\/\/www.tuvendes.com.ar\/demo\/wp-json\/wp\/v2\/product"}],"about":[{"href":"https:\/\/www.tuvendes.com.ar\/demo\/wp-json\/wp\/v2\/types\/product"}],"wp:featuredmedia":[{"embeddable":true,"href":"https:\/\/www.tuvendes.com.ar\/demo\/wp-json\/wp\/v2\/media\/33028"}],"wp:attachment":[{"href":"https:\/\/www.tuvendes.com.ar\/demo\/wp-json\/wp\/v2\/media?parent=37482"}],"wp:term":[{"taxonomy":"product_brand","embeddable":true,"href":"https:\/\/www.tuvendes.com.ar\/demo\/wp-json\/wp\/v2\/product_brand?post=37482"},{"taxonomy":"product_cat","embeddable":true,"href":"https:\/\/www.tuvendes.com.ar\/demo\/wp-json\/wp\/v2\/product_cat?post=37482"},{"taxonomy":"product_tag","embeddable":true,"href":"https:\/\/www.tuvendes.com.ar\/demo\/wp-json\/wp\/v2\/product_tag?post=37482"}],"curies":[{"name":"wp","href":"https:\/\/api.w.org\/{rel}","templated":true}]}}