{"id":37487,"date":"2025-11-18T19:10:30","date_gmt":"2025-11-18T19:10:30","guid":{"rendered":"https:\/\/www.tuvendes.com.ar\/demo\/producto\/portaticket-de-compra-s-imp\/"},"modified":"2026-05-02T23:06:03","modified_gmt":"2026-05-02T23:06:03","slug":"portaticket-de-compra-s-imp","status":"publish","type":"product","link":"https:\/\/www.tuvendes.com.ar\/demo\/producto\/portaticket-de-compra-s-imp\/","title":{"rendered":"PORTATICKET DE COMPRA S\/Imp."},"content":{"rendered":"<p>Material: Tela PVC. Tama\u00f1o: 13,5 x 18,8 cm. \u00c1rea de impresi\u00f3n: 6 x 5 cm<\/p>\n","protected":false},"excerpt":{"rendered":"<p>Material: Tela PVC. Tama\u00f1o: 13,5 x 18,8 cm. \u00c1rea de impresi\u00f3n: 6 x 5 cm<\/p>\n","protected":false},"featured_media":33182,"template":"","meta":[],"product_brand":[],"product_cat":[1299],"product_tag":[],"class_list":{"0":"post-37487","1":"product","2":"type-product","3":"status-publish","4":"has-post-thumbnail","6":"product_cat-msoldadurap","7":"pa_material-tela-pvc","9":"first","10":"instock","11":"shipping-taxable","12":"purchasable","13":"product-type-variable"},"_links":{"self":[{"href":"https:\/\/www.tuvendes.com.ar\/demo\/wp-json\/wp\/v2\/product\/37487","targetHints":{"allow":["GET"]}}],"collection":[{"href":"https:\/\/www.tuvendes.com.ar\/demo\/wp-json\/wp\/v2\/product"}],"about":[{"href":"https:\/\/www.tuvendes.com.ar\/demo\/wp-json\/wp\/v2\/types\/product"}],"wp:featuredmedia":[{"embeddable":true,"href":"https:\/\/www.tuvendes.com.ar\/demo\/wp-json\/wp\/v2\/media\/33182"}],"wp:attachment":[{"href":"https:\/\/www.tuvendes.com.ar\/demo\/wp-json\/wp\/v2\/media?parent=37487"}],"wp:term":[{"taxonomy":"product_brand","embeddable":true,"href":"https:\/\/www.tuvendes.com.ar\/demo\/wp-json\/wp\/v2\/product_brand?post=37487"},{"taxonomy":"product_cat","embeddable":true,"href":"https:\/\/www.tuvendes.com.ar\/demo\/wp-json\/wp\/v2\/product_cat?post=37487"},{"taxonomy":"product_tag","embeddable":true,"href":"https:\/\/www.tuvendes.com.ar\/demo\/wp-json\/wp\/v2\/product_tag?post=37487"}],"curies":[{"name":"wp","href":"https:\/\/api.w.org\/{rel}","templated":true}]}}