{"id":37506,"date":"2025-11-18T19:10:34","date_gmt":"2025-11-18T19:10:34","guid":{"rendered":"https:\/\/www.tuvendes.com.ar\/demo\/producto\/auriculares-otto-s-imp\/"},"modified":"2026-05-02T19:02:01","modified_gmt":"2026-05-02T19:02:01","slug":"auriculares-otto-s-imp","status":"publish","type":"product","link":"https:\/\/www.tuvendes.com.ar\/demo\/producto\/auriculares-otto-s-imp\/","title":{"rendered":"AURICULARES OTTO S\/Imp."},"content":{"rendered":"<p>Material: rABS. Tama\u00f1o: 80 x 65 x 32 mm.. \u00c1rea de impresi\u00f3n: 40 x 30 mm<\/p>\n","protected":false},"excerpt":{"rendered":"<p>Material: rABS. Tama\u00f1o: 80 x 65 x 32 mm.. \u00c1rea de impresi\u00f3n: 40 x 30 mm<\/p>\n","protected":false},"featured_media":33416,"template":"","meta":[],"product_brand":[],"product_cat":[1313],"product_tag":[],"class_list":{"0":"post-37506","1":"product","2":"type-product","3":"status-publish","4":"has-post-thumbnail","6":"product_cat-mtecno","7":"pa_material-rabs","9":"first","10":"instock","11":"shipping-taxable","12":"purchasable","13":"product-type-simple"},"_links":{"self":[{"href":"https:\/\/www.tuvendes.com.ar\/demo\/wp-json\/wp\/v2\/product\/37506","targetHints":{"allow":["GET"]}}],"collection":[{"href":"https:\/\/www.tuvendes.com.ar\/demo\/wp-json\/wp\/v2\/product"}],"about":[{"href":"https:\/\/www.tuvendes.com.ar\/demo\/wp-json\/wp\/v2\/types\/product"}],"wp:featuredmedia":[{"embeddable":true,"href":"https:\/\/www.tuvendes.com.ar\/demo\/wp-json\/wp\/v2\/media\/33416"}],"wp:attachment":[{"href":"https:\/\/www.tuvendes.com.ar\/demo\/wp-json\/wp\/v2\/media?parent=37506"}],"wp:term":[{"taxonomy":"product_brand","embeddable":true,"href":"https:\/\/www.tuvendes.com.ar\/demo\/wp-json\/wp\/v2\/product_brand?post=37506"},{"taxonomy":"product_cat","embeddable":true,"href":"https:\/\/www.tuvendes.com.ar\/demo\/wp-json\/wp\/v2\/product_cat?post=37506"},{"taxonomy":"product_tag","embeddable":true,"href":"https:\/\/www.tuvendes.com.ar\/demo\/wp-json\/wp\/v2\/product_tag?post=37506"}],"curies":[{"name":"wp","href":"https:\/\/api.w.org\/{rel}","templated":true}]}}