{"id":37509,"date":"2025-11-18T19:10:37","date_gmt":"2025-11-18T19:10:37","guid":{"rendered":"https:\/\/www.tuvendes.com.ar\/demo\/producto\/paraguas-zane-s-imp\/"},"modified":"2026-05-02T21:07:50","modified_gmt":"2026-05-02T21:07:50","slug":"paraguas-zane-s-imp","status":"publish","type":"product","link":"https:\/\/www.tuvendes.com.ar\/demo\/producto\/paraguas-zane-s-imp\/","title":{"rendered":"PARAGUAS ZANE S\/Imp."},"content":{"rendered":"<p>Material: Poli\u00e9ster 190T. Tama\u00f1o: \u00f81270 x 965 mm. \u00c1rea de impresi\u00f3n: 100 mm x 100 mm<\/p>\n","protected":false},"excerpt":{"rendered":"<p>Material: Poli\u00e9ster 190T. Tama\u00f1o: \u00f81270 x 965 mm. \u00c1rea de impresi\u00f3n: 100 mm x 100 mm<\/p>\n","protected":false},"featured_media":33440,"template":"","meta":[],"product_brand":[],"product_cat":[1486],"product_tag":[],"class_list":{"0":"post-37509","1":"product","2":"type-product","3":"status-publish","4":"has-post-thumbnail","6":"product_cat-mparaguas","7":"pa_material-poliester-190t","9":"first","10":"instock","11":"shipping-taxable","12":"purchasable","13":"product-type-variable"},"_links":{"self":[{"href":"https:\/\/www.tuvendes.com.ar\/demo\/wp-json\/wp\/v2\/product\/37509","targetHints":{"allow":["GET"]}}],"collection":[{"href":"https:\/\/www.tuvendes.com.ar\/demo\/wp-json\/wp\/v2\/product"}],"about":[{"href":"https:\/\/www.tuvendes.com.ar\/demo\/wp-json\/wp\/v2\/types\/product"}],"wp:featuredmedia":[{"embeddable":true,"href":"https:\/\/www.tuvendes.com.ar\/demo\/wp-json\/wp\/v2\/media\/33440"}],"wp:attachment":[{"href":"https:\/\/www.tuvendes.com.ar\/demo\/wp-json\/wp\/v2\/media?parent=37509"}],"wp:term":[{"taxonomy":"product_brand","embeddable":true,"href":"https:\/\/www.tuvendes.com.ar\/demo\/wp-json\/wp\/v2\/product_brand?post=37509"},{"taxonomy":"product_cat","embeddable":true,"href":"https:\/\/www.tuvendes.com.ar\/demo\/wp-json\/wp\/v2\/product_cat?post=37509"},{"taxonomy":"product_tag","embeddable":true,"href":"https:\/\/www.tuvendes.com.ar\/demo\/wp-json\/wp\/v2\/product_tag?post=37509"}],"curies":[{"name":"wp","href":"https:\/\/api.w.org\/{rel}","templated":true}]}}