{"id":37521,"date":"2025-11-18T19:10:40","date_gmt":"2025-11-18T19:10:40","guid":{"rendered":"https:\/\/www.tuvendes.com.ar\/demo\/producto\/portamenu-eco-s-imp\/"},"modified":"2026-05-02T22:01:49","modified_gmt":"2026-05-02T22:01:49","slug":"portamenu-eco-s-imp","status":"publish","type":"product","link":"https:\/\/www.tuvendes.com.ar\/demo\/producto\/portamenu-eco-s-imp\/","title":{"rendered":"PORTAMEN\u00da ECO S\/imp."},"content":{"rendered":"<p>Material: Poliestireno y Compuesto de madera. Tama\u00f1o: 13 x 20 cm. \u00c1rea de impresi\u00f3n: 75 x 31 mm<\/p>\n","protected":false},"excerpt":{"rendered":"<p>Material: Poliestireno y Compuesto de madera. Tama\u00f1o: 13 x 20 cm. \u00c1rea de impresi\u00f3n: 75 x 31 mm<\/p>\n","protected":false},"featured_media":33000,"template":"","meta":[],"product_brand":[],"product_cat":[1244],"product_tag":[],"class_list":{"0":"post-37521","1":"product","2":"type-product","3":"status-publish","4":"has-post-thumbnail","6":"product_cat-mgastronomia","7":"pa_material-poliestireno-y-compuesto-de-madera","9":"first","10":"instock","11":"shipping-taxable","12":"purchasable","13":"product-type-simple"},"_links":{"self":[{"href":"https:\/\/www.tuvendes.com.ar\/demo\/wp-json\/wp\/v2\/product\/37521","targetHints":{"allow":["GET"]}}],"collection":[{"href":"https:\/\/www.tuvendes.com.ar\/demo\/wp-json\/wp\/v2\/product"}],"about":[{"href":"https:\/\/www.tuvendes.com.ar\/demo\/wp-json\/wp\/v2\/types\/product"}],"wp:featuredmedia":[{"embeddable":true,"href":"https:\/\/www.tuvendes.com.ar\/demo\/wp-json\/wp\/v2\/media\/33000"}],"wp:attachment":[{"href":"https:\/\/www.tuvendes.com.ar\/demo\/wp-json\/wp\/v2\/media?parent=37521"}],"wp:term":[{"taxonomy":"product_brand","embeddable":true,"href":"https:\/\/www.tuvendes.com.ar\/demo\/wp-json\/wp\/v2\/product_brand?post=37521"},{"taxonomy":"product_cat","embeddable":true,"href":"https:\/\/www.tuvendes.com.ar\/demo\/wp-json\/wp\/v2\/product_cat?post=37521"},{"taxonomy":"product_tag","embeddable":true,"href":"https:\/\/www.tuvendes.com.ar\/demo\/wp-json\/wp\/v2\/product_tag?post=37521"}],"curies":[{"name":"wp","href":"https:\/\/api.w.org\/{rel}","templated":true}]}}