{"id":37531,"date":"2025-11-18T19:10:41","date_gmt":"2025-11-18T19:10:41","guid":{"rendered":"https:\/\/www.tuvendes.com.ar\/demo\/producto\/cargador-organizador-mott-s-imp\/"},"modified":"2026-05-02T20:02:10","modified_gmt":"2026-05-02T20:02:10","slug":"cargador-organizador-mott-s-imp","status":"publish","type":"product","link":"https:\/\/www.tuvendes.com.ar\/demo\/producto\/cargador-organizador-mott-s-imp\/","title":{"rendered":"CARGADOR ORGANIZADOR MOTT S\/Imp."},"content":{"rendered":"<p>\u00a1Producto amigable con el planeta!. Material: Bamb\u00fa y ABS. Tama\u00f1o: 255 x 135 x 14 mm. \u00c1rea de impresi\u00f3n: 130 x 60 mm \/ 35 x 90 mm<\/p>\n","protected":false},"excerpt":{"rendered":"<p>\u00a1Producto amigable con el planeta!. Material: Bamb\u00fa y ABS. Tama\u00f1o: 255 x 135 x 14 mm. \u00c1rea de impresi\u00f3n: 130<\/p>\n","protected":false},"featured_media":33084,"template":"","meta":[],"product_brand":[],"product_cat":[1313],"product_tag":[],"class_list":{"0":"post-37531","1":"product","2":"type-product","3":"status-publish","4":"has-post-thumbnail","6":"product_cat-mtecno","7":"pa_material-bambu-y-abs","9":"first","10":"instock","11":"shipping-taxable","12":"purchasable","13":"product-type-simple"},"_links":{"self":[{"href":"https:\/\/www.tuvendes.com.ar\/demo\/wp-json\/wp\/v2\/product\/37531","targetHints":{"allow":["GET"]}}],"collection":[{"href":"https:\/\/www.tuvendes.com.ar\/demo\/wp-json\/wp\/v2\/product"}],"about":[{"href":"https:\/\/www.tuvendes.com.ar\/demo\/wp-json\/wp\/v2\/types\/product"}],"wp:featuredmedia":[{"embeddable":true,"href":"https:\/\/www.tuvendes.com.ar\/demo\/wp-json\/wp\/v2\/media\/33084"}],"wp:attachment":[{"href":"https:\/\/www.tuvendes.com.ar\/demo\/wp-json\/wp\/v2\/media?parent=37531"}],"wp:term":[{"taxonomy":"product_brand","embeddable":true,"href":"https:\/\/www.tuvendes.com.ar\/demo\/wp-json\/wp\/v2\/product_brand?post=37531"},{"taxonomy":"product_cat","embeddable":true,"href":"https:\/\/www.tuvendes.com.ar\/demo\/wp-json\/wp\/v2\/product_cat?post=37531"},{"taxonomy":"product_tag","embeddable":true,"href":"https:\/\/www.tuvendes.com.ar\/demo\/wp-json\/wp\/v2\/product_tag?post=37531"}],"curies":[{"name":"wp","href":"https:\/\/api.w.org\/{rel}","templated":true}]}}