{"id":37533,"date":"2025-11-18T19:10:42","date_gmt":"2025-11-18T19:10:42","guid":{"rendered":"https:\/\/www.tuvendes.com.ar\/demo\/producto\/marbete-identifcador-de-equipaje-s-imp\/"},"modified":"2026-05-02T22:08:07","modified_gmt":"2026-05-02T22:08:07","slug":"marbete-identifcador-de-equipaje-s-imp","status":"publish","type":"product","link":"https:\/\/www.tuvendes.com.ar\/demo\/producto\/marbete-identifcador-de-equipaje-s-imp\/","title":{"rendered":"MARBETE IDENTIFCADOR DE EQUIPAJE S\/Imp."},"content":{"rendered":"<p>Material: Tela PVC. Tama\u00f1o: 6 x 23 Cm.. \u00c1rea de impresi\u00f3n: 4,5 x 8 Cm.<\/p>\n","protected":false},"excerpt":{"rendered":"<p>Material: Tela PVC. Tama\u00f1o: 6 x 23 Cm.. \u00c1rea de impresi\u00f3n: 4,5 x 8 Cm.<\/p>\n","protected":false},"featured_media":33179,"template":"","meta":[],"product_brand":[],"product_cat":[1299],"product_tag":[],"class_list":{"0":"post-37533","1":"product","2":"type-product","3":"status-publish","4":"has-post-thumbnail","6":"product_cat-msoldadurap","7":"pa_material-tela-pvc","9":"first","10":"instock","11":"shipping-taxable","12":"purchasable","13":"product-type-variable"},"_links":{"self":[{"href":"https:\/\/www.tuvendes.com.ar\/demo\/wp-json\/wp\/v2\/product\/37533","targetHints":{"allow":["GET"]}}],"collection":[{"href":"https:\/\/www.tuvendes.com.ar\/demo\/wp-json\/wp\/v2\/product"}],"about":[{"href":"https:\/\/www.tuvendes.com.ar\/demo\/wp-json\/wp\/v2\/types\/product"}],"wp:featuredmedia":[{"embeddable":true,"href":"https:\/\/www.tuvendes.com.ar\/demo\/wp-json\/wp\/v2\/media\/33179"}],"wp:attachment":[{"href":"https:\/\/www.tuvendes.com.ar\/demo\/wp-json\/wp\/v2\/media?parent=37533"}],"wp:term":[{"taxonomy":"product_brand","embeddable":true,"href":"https:\/\/www.tuvendes.com.ar\/demo\/wp-json\/wp\/v2\/product_brand?post=37533"},{"taxonomy":"product_cat","embeddable":true,"href":"https:\/\/www.tuvendes.com.ar\/demo\/wp-json\/wp\/v2\/product_cat?post=37533"},{"taxonomy":"product_tag","embeddable":true,"href":"https:\/\/www.tuvendes.com.ar\/demo\/wp-json\/wp\/v2\/product_tag?post=37533"}],"curies":[{"name":"wp","href":"https:\/\/api.w.org\/{rel}","templated":true}]}}