{"id":37535,"date":"2025-11-18T19:10:42","date_gmt":"2025-11-18T19:10:42","guid":{"rendered":"https:\/\/www.tuvendes.com.ar\/demo\/producto\/ecobolsa-25x25x9x9-s-imp\/"},"modified":"2026-05-02T21:04:28","modified_gmt":"2026-05-02T21:04:28","slug":"ecobolsa-25x25x9x9-s-imp","status":"publish","type":"product","link":"https:\/\/www.tuvendes.com.ar\/demo\/producto\/ecobolsa-25x25x9x9-s-imp\/","title":{"rendered":"ECOBOLSA 25X25X9X9 S\/imp"},"content":{"rendered":"<p>Material: Tela no tejida 90grs.. Tama\u00f1o: 25 x 25 x 9 (base) x 9 (fuelle) cm. \u00c1rea de impresi\u00f3n: 15 x 12 cm<\/p>\n","protected":false},"excerpt":{"rendered":"<p>Material: Tela no tejida 90grs.. Tama\u00f1o: 25 x 25 x 9 (base) x 9 (fuelle) cm. \u00c1rea de impresi\u00f3n: 15<\/p>\n","protected":false},"featured_media":33331,"template":"","meta":[],"product_brand":[],"product_cat":[1269],"product_tag":[],"class_list":{"0":"post-37535","1":"product","2":"type-product","3":"status-publish","4":"has-post-thumbnail","6":"product_cat-mecobolsas","7":"pa_material-tela-no-tejida-90grs-2","9":"first","10":"instock","11":"shipping-taxable","12":"purchasable","13":"product-type-variable"},"_links":{"self":[{"href":"https:\/\/www.tuvendes.com.ar\/demo\/wp-json\/wp\/v2\/product\/37535","targetHints":{"allow":["GET"]}}],"collection":[{"href":"https:\/\/www.tuvendes.com.ar\/demo\/wp-json\/wp\/v2\/product"}],"about":[{"href":"https:\/\/www.tuvendes.com.ar\/demo\/wp-json\/wp\/v2\/types\/product"}],"wp:featuredmedia":[{"embeddable":true,"href":"https:\/\/www.tuvendes.com.ar\/demo\/wp-json\/wp\/v2\/media\/33331"}],"wp:attachment":[{"href":"https:\/\/www.tuvendes.com.ar\/demo\/wp-json\/wp\/v2\/media?parent=37535"}],"wp:term":[{"taxonomy":"product_brand","embeddable":true,"href":"https:\/\/www.tuvendes.com.ar\/demo\/wp-json\/wp\/v2\/product_brand?post=37535"},{"taxonomy":"product_cat","embeddable":true,"href":"https:\/\/www.tuvendes.com.ar\/demo\/wp-json\/wp\/v2\/product_cat?post=37535"},{"taxonomy":"product_tag","embeddable":true,"href":"https:\/\/www.tuvendes.com.ar\/demo\/wp-json\/wp\/v2\/product_tag?post=37535"}],"curies":[{"name":"wp","href":"https:\/\/api.w.org\/{rel}","templated":true}]}}