{"id":37541,"date":"2025-11-18T19:10:44","date_gmt":"2025-11-18T19:10:44","guid":{"rendered":"https:\/\/www.tuvendes.com.ar\/demo\/producto\/auriculares-pinel-s-imp\/"},"modified":"2026-05-02T19:08:18","modified_gmt":"2026-05-02T19:08:18","slug":"auriculares-pinel-s-imp","status":"publish","type":"product","link":"https:\/\/www.tuvendes.com.ar\/demo\/producto\/auriculares-pinel-s-imp\/","title":{"rendered":"AURICULARES PINEL S\/Imp."},"content":{"rendered":"<p>Material: ABS. Tama\u00f1o: 30 x 38 x 11 mm. \u00c1rea de impresi\u00f3n: 18 x 18 mm<\/p>\n","protected":false},"excerpt":{"rendered":"<p>Material: ABS. Tama\u00f1o: 30 x 38 x 11 mm. \u00c1rea de impresi\u00f3n: 18 x 18 mm<\/p>\n","protected":false},"featured_media":33412,"template":"","meta":[],"product_brand":[],"product_cat":[1313],"product_tag":[],"class_list":{"0":"post-37541","1":"product","2":"type-product","3":"status-publish","4":"has-post-thumbnail","6":"product_cat-mtecno","7":"pa_material-abs","9":"first","10":"instock","11":"shipping-taxable","12":"purchasable","13":"product-type-variable"},"_links":{"self":[{"href":"https:\/\/www.tuvendes.com.ar\/demo\/wp-json\/wp\/v2\/product\/37541","targetHints":{"allow":["GET"]}}],"collection":[{"href":"https:\/\/www.tuvendes.com.ar\/demo\/wp-json\/wp\/v2\/product"}],"about":[{"href":"https:\/\/www.tuvendes.com.ar\/demo\/wp-json\/wp\/v2\/types\/product"}],"wp:featuredmedia":[{"embeddable":true,"href":"https:\/\/www.tuvendes.com.ar\/demo\/wp-json\/wp\/v2\/media\/33412"}],"wp:attachment":[{"href":"https:\/\/www.tuvendes.com.ar\/demo\/wp-json\/wp\/v2\/media?parent=37541"}],"wp:term":[{"taxonomy":"product_brand","embeddable":true,"href":"https:\/\/www.tuvendes.com.ar\/demo\/wp-json\/wp\/v2\/product_brand?post=37541"},{"taxonomy":"product_cat","embeddable":true,"href":"https:\/\/www.tuvendes.com.ar\/demo\/wp-json\/wp\/v2\/product_cat?post=37541"},{"taxonomy":"product_tag","embeddable":true,"href":"https:\/\/www.tuvendes.com.ar\/demo\/wp-json\/wp\/v2\/product_tag?post=37541"}],"curies":[{"name":"wp","href":"https:\/\/api.w.org\/{rel}","templated":true}]}}