{"id":37542,"date":"2025-11-18T19:10:44","date_gmt":"2025-11-18T19:10:44","guid":{"rendered":"https:\/\/www.tuvendes.com.ar\/demo\/producto\/lapiz-negro-infinity-s-imp\/"},"modified":"2026-05-02T21:01:29","modified_gmt":"2026-05-02T21:01:29","slug":"lapiz-negro-infinity-s-imp","status":"publish","type":"product","link":"https:\/\/www.tuvendes.com.ar\/demo\/producto\/lapiz-negro-infinity-s-imp\/","title":{"rendered":"L\u00c1PIZ NEGRO INFINITY S\/Imp."},"content":{"rendered":"<p>Material: Madera de bamb\u00fa. Tama\u00f1o: \u00d88 x 138 mm. \u00c1rea de impresi\u00f3n: 50 x 18 mm (circular)<\/p>\n","protected":false},"excerpt":{"rendered":"<p>Material: Madera de bamb\u00fa. Tama\u00f1o: \u00d88 x 138 mm. \u00c1rea de impresi\u00f3n: 50 x 18 mm (circular)<\/p>\n","protected":false},"featured_media":32988,"template":"","meta":[],"product_brand":[],"product_cat":[1291],"product_tag":[],"class_list":{"0":"post-37542","1":"product","2":"type-product","3":"status-publish","4":"has-post-thumbnail","6":"product_cat-mescrituralapices","7":"pa_material-madera-de-bambu","9":"first","10":"instock","11":"shipping-taxable","12":"purchasable","13":"product-type-simple"},"_links":{"self":[{"href":"https:\/\/www.tuvendes.com.ar\/demo\/wp-json\/wp\/v2\/product\/37542","targetHints":{"allow":["GET"]}}],"collection":[{"href":"https:\/\/www.tuvendes.com.ar\/demo\/wp-json\/wp\/v2\/product"}],"about":[{"href":"https:\/\/www.tuvendes.com.ar\/demo\/wp-json\/wp\/v2\/types\/product"}],"wp:featuredmedia":[{"embeddable":true,"href":"https:\/\/www.tuvendes.com.ar\/demo\/wp-json\/wp\/v2\/media\/32988"}],"wp:attachment":[{"href":"https:\/\/www.tuvendes.com.ar\/demo\/wp-json\/wp\/v2\/media?parent=37542"}],"wp:term":[{"taxonomy":"product_brand","embeddable":true,"href":"https:\/\/www.tuvendes.com.ar\/demo\/wp-json\/wp\/v2\/product_brand?post=37542"},{"taxonomy":"product_cat","embeddable":true,"href":"https:\/\/www.tuvendes.com.ar\/demo\/wp-json\/wp\/v2\/product_cat?post=37542"},{"taxonomy":"product_tag","embeddable":true,"href":"https:\/\/www.tuvendes.com.ar\/demo\/wp-json\/wp\/v2\/product_tag?post=37542"}],"curies":[{"name":"wp","href":"https:\/\/api.w.org\/{rel}","templated":true}]}}