{"id":37546,"date":"2025-11-18T19:10:45","date_gmt":"2025-11-18T19:10:45","guid":{"rendered":"https:\/\/www.tuvendes.com.ar\/demo\/producto\/botella-raise-s-imp\/"},"modified":"2026-05-02T23:06:30","modified_gmt":"2026-05-02T23:06:30","slug":"botella-raise-s-imp","status":"publish","type":"product","link":"https:\/\/www.tuvendes.com.ar\/demo\/producto\/botella-raise-s-imp\/","title":{"rendered":"BOTELLA RAISE, S\/Imp."},"content":{"rendered":"<p>Material: Vidrio. Tama\u00f1o: \u00f865 x 225 mm. \u00c1rea de impresi\u00f3n: 40 x 50 mm<\/p>\n","protected":false},"excerpt":{"rendered":"<p>Material: Vidrio. Tama\u00f1o: \u00f865 x 225 mm. \u00c1rea de impresi\u00f3n: 40 x 50 mm<\/p>\n","protected":false},"featured_media":33487,"template":"","meta":[],"product_brand":[],"product_cat":[1244],"product_tag":[],"class_list":{"0":"post-37546","1":"product","2":"type-product","3":"status-publish","4":"has-post-thumbnail","6":"product_cat-mgastronomia","7":"pa_material-vidrio","9":"first","10":"instock","11":"shipping-taxable","12":"purchasable","13":"product-type-variable"},"_links":{"self":[{"href":"https:\/\/www.tuvendes.com.ar\/demo\/wp-json\/wp\/v2\/product\/37546","targetHints":{"allow":["GET"]}}],"collection":[{"href":"https:\/\/www.tuvendes.com.ar\/demo\/wp-json\/wp\/v2\/product"}],"about":[{"href":"https:\/\/www.tuvendes.com.ar\/demo\/wp-json\/wp\/v2\/types\/product"}],"wp:featuredmedia":[{"embeddable":true,"href":"https:\/\/www.tuvendes.com.ar\/demo\/wp-json\/wp\/v2\/media\/33487"}],"wp:attachment":[{"href":"https:\/\/www.tuvendes.com.ar\/demo\/wp-json\/wp\/v2\/media?parent=37546"}],"wp:term":[{"taxonomy":"product_brand","embeddable":true,"href":"https:\/\/www.tuvendes.com.ar\/demo\/wp-json\/wp\/v2\/product_brand?post=37546"},{"taxonomy":"product_cat","embeddable":true,"href":"https:\/\/www.tuvendes.com.ar\/demo\/wp-json\/wp\/v2\/product_cat?post=37546"},{"taxonomy":"product_tag","embeddable":true,"href":"https:\/\/www.tuvendes.com.ar\/demo\/wp-json\/wp\/v2\/product_tag?post=37546"}],"curies":[{"name":"wp","href":"https:\/\/api.w.org\/{rel}","templated":true}]}}