{"id":37547,"date":"2025-11-18T19:10:45","date_gmt":"2025-11-18T19:10:45","guid":{"rendered":"https:\/\/www.tuvendes.com.ar\/demo\/producto\/taza-rory-s-imp\/"},"modified":"2026-05-02T22:01:57","modified_gmt":"2026-05-02T22:01:57","slug":"taza-rory-s-imp","status":"publish","type":"product","link":"https:\/\/www.tuvendes.com.ar\/demo\/producto\/taza-rory-s-imp\/","title":{"rendered":"TAZA RORY, S\/Imp."},"content":{"rendered":"<p>Material: Cer\u00e1mica. Tama\u00f1o:  \u00f887 x 110 mm<\/p>\n","protected":false},"excerpt":{"rendered":"<p>Material: Cer\u00e1mica. Tama\u00f1o: \u00f887 x 110 mm<\/p>\n","protected":false},"featured_media":33307,"template":"","meta":[],"product_brand":[],"product_cat":[1340],"product_tag":[],"class_list":{"0":"post-37547","1":"product","2":"type-product","3":"status-publish","4":"has-post-thumbnail","6":"product_cat-mgastronomiasublimable","7":"pa_material-ceramica","9":"first","10":"instock","11":"shipping-taxable","12":"purchasable","13":"product-type-simple"},"_links":{"self":[{"href":"https:\/\/www.tuvendes.com.ar\/demo\/wp-json\/wp\/v2\/product\/37547","targetHints":{"allow":["GET"]}}],"collection":[{"href":"https:\/\/www.tuvendes.com.ar\/demo\/wp-json\/wp\/v2\/product"}],"about":[{"href":"https:\/\/www.tuvendes.com.ar\/demo\/wp-json\/wp\/v2\/types\/product"}],"wp:featuredmedia":[{"embeddable":true,"href":"https:\/\/www.tuvendes.com.ar\/demo\/wp-json\/wp\/v2\/media\/33307"}],"wp:attachment":[{"href":"https:\/\/www.tuvendes.com.ar\/demo\/wp-json\/wp\/v2\/media?parent=37547"}],"wp:term":[{"taxonomy":"product_brand","embeddable":true,"href":"https:\/\/www.tuvendes.com.ar\/demo\/wp-json\/wp\/v2\/product_brand?post=37547"},{"taxonomy":"product_cat","embeddable":true,"href":"https:\/\/www.tuvendes.com.ar\/demo\/wp-json\/wp\/v2\/product_cat?post=37547"},{"taxonomy":"product_tag","embeddable":true,"href":"https:\/\/www.tuvendes.com.ar\/demo\/wp-json\/wp\/v2\/product_tag?post=37547"}],"curies":[{"name":"wp","href":"https:\/\/api.w.org\/{rel}","templated":true}]}}