{"id":37548,"date":"2025-11-18T19:10:45","date_gmt":"2025-11-18T19:10:45","guid":{"rendered":"https:\/\/www.tuvendes.com.ar\/demo\/producto\/termo-karpov-s-imp\/"},"modified":"2026-05-02T23:00:33","modified_gmt":"2026-05-02T23:00:33","slug":"termo-karpov-s-imp","status":"publish","type":"product","link":"https:\/\/www.tuvendes.com.ar\/demo\/producto\/termo-karpov-s-imp\/","title":{"rendered":"TERMO KARPOV, S\/Imp."},"content":{"rendered":"<p>Material: Acero inoxidable. Tama\u00f1o: \u00f869 x 240 mm. \u00c1rea de impresi\u00f3n: 25 x 100 mm<\/p>\n","protected":false},"excerpt":{"rendered":"<p>Material: Acero inoxidable. Tama\u00f1o: \u00f869 x 240 mm. \u00c1rea de impresi\u00f3n: 25 x 100 mm<\/p>\n","protected":false},"featured_media":37142,"template":"","meta":[],"product_brand":[],"product_cat":[1244],"product_tag":[],"class_list":{"0":"post-37548","1":"product","2":"type-product","3":"status-publish","4":"has-post-thumbnail","6":"product_cat-mgastronomia","7":"pa_material-acero-inoxidable","9":"first","10":"instock","11":"shipping-taxable","12":"purchasable","13":"product-type-simple"},"_links":{"self":[{"href":"https:\/\/www.tuvendes.com.ar\/demo\/wp-json\/wp\/v2\/product\/37548","targetHints":{"allow":["GET"]}}],"collection":[{"href":"https:\/\/www.tuvendes.com.ar\/demo\/wp-json\/wp\/v2\/product"}],"about":[{"href":"https:\/\/www.tuvendes.com.ar\/demo\/wp-json\/wp\/v2\/types\/product"}],"wp:featuredmedia":[{"embeddable":true,"href":"https:\/\/www.tuvendes.com.ar\/demo\/wp-json\/wp\/v2\/media\/37142"}],"wp:attachment":[{"href":"https:\/\/www.tuvendes.com.ar\/demo\/wp-json\/wp\/v2\/media?parent=37548"}],"wp:term":[{"taxonomy":"product_brand","embeddable":true,"href":"https:\/\/www.tuvendes.com.ar\/demo\/wp-json\/wp\/v2\/product_brand?post=37548"},{"taxonomy":"product_cat","embeddable":true,"href":"https:\/\/www.tuvendes.com.ar\/demo\/wp-json\/wp\/v2\/product_cat?post=37548"},{"taxonomy":"product_tag","embeddable":true,"href":"https:\/\/www.tuvendes.com.ar\/demo\/wp-json\/wp\/v2\/product_tag?post=37548"}],"curies":[{"name":"wp","href":"https:\/\/api.w.org\/{rel}","templated":true}]}}