{"id":37557,"date":"2025-11-18T19:10:47","date_gmt":"2025-11-18T19:10:47","guid":{"rendered":"https:\/\/www.tuvendes.com.ar\/demo\/producto\/cuchillo-campero-s-imp\/"},"modified":"2026-05-02T17:00:49","modified_gmt":"2026-05-02T17:00:49","slug":"cuchillo-campero-s-imp","status":"publish","type":"product","link":"https:\/\/www.tuvendes.com.ar\/demo\/producto\/cuchillo-campero-s-imp\/","title":{"rendered":"CUCHILLO CAMPERO S\/Imp."},"content":{"rendered":"<p>Material: Acero inoxidable y madera. Tama\u00f1o: Caja: 6 cm ancho x 28 cm alto. \u00c1rea de impresi\u00f3n: Caja: 4 cm ancho x 7 cm alto<\/p>\n","protected":false},"excerpt":{"rendered":"<p>Material: Acero inoxidable y madera. Tama\u00f1o: Caja: 6 cm ancho x 28 cm alto. \u00c1rea de impresi\u00f3n: Caja: 4 cm<\/p>\n","protected":false},"featured_media":33118,"template":"","meta":[],"product_brand":[],"product_cat":[1283],"product_tag":[],"class_list":{"0":"post-37557","1":"product","2":"type-product","3":"status-publish","4":"has-post-thumbnail","6":"product_cat-mgastronomiaartesanal","7":"pa_material-acero-inoxidable-y-madera","9":"first","10":"instock","11":"shipping-taxable","12":"purchasable","13":"product-type-simple"},"_links":{"self":[{"href":"https:\/\/www.tuvendes.com.ar\/demo\/wp-json\/wp\/v2\/product\/37557","targetHints":{"allow":["GET"]}}],"collection":[{"href":"https:\/\/www.tuvendes.com.ar\/demo\/wp-json\/wp\/v2\/product"}],"about":[{"href":"https:\/\/www.tuvendes.com.ar\/demo\/wp-json\/wp\/v2\/types\/product"}],"wp:featuredmedia":[{"embeddable":true,"href":"https:\/\/www.tuvendes.com.ar\/demo\/wp-json\/wp\/v2\/media\/33118"}],"wp:attachment":[{"href":"https:\/\/www.tuvendes.com.ar\/demo\/wp-json\/wp\/v2\/media?parent=37557"}],"wp:term":[{"taxonomy":"product_brand","embeddable":true,"href":"https:\/\/www.tuvendes.com.ar\/demo\/wp-json\/wp\/v2\/product_brand?post=37557"},{"taxonomy":"product_cat","embeddable":true,"href":"https:\/\/www.tuvendes.com.ar\/demo\/wp-json\/wp\/v2\/product_cat?post=37557"},{"taxonomy":"product_tag","embeddable":true,"href":"https:\/\/www.tuvendes.com.ar\/demo\/wp-json\/wp\/v2\/product_tag?post=37557"}],"curies":[{"name":"wp","href":"https:\/\/api.w.org\/{rel}","templated":true}]}}