{"id":37559,"date":"2025-11-18T19:10:49","date_gmt":"2025-11-18T19:10:49","guid":{"rendered":"https:\/\/www.tuvendes.com.ar\/demo\/producto\/boligrafo-milink-s-imp\/"},"modified":"2026-04-20T20:17:15","modified_gmt":"2026-04-20T20:17:15","slug":"boligrafo-milink-s-imp","status":"publish","type":"product","link":"https:\/\/www.tuvendes.com.ar\/demo\/producto\/boligrafo-milink-s-imp\/","title":{"rendered":"BOL\u00cdGRAFO MILINK S\/Imp."},"content":{"rendered":"<p>Material: Cart\u00f3n y ABS reciclados. Tama\u00f1o: \u00f810 x 139 mm. \u00c1rea de impresi\u00f3n: 70 x 7 mm<\/p>\n","protected":false},"excerpt":{"rendered":"<p>Material: Cart\u00f3n y ABS reciclados. Tama\u00f1o: \u00f810 x 139 mm. \u00c1rea de impresi\u00f3n: 70 x 7 mm<\/p>\n","protected":false},"featured_media":33460,"template":"","meta":[],"product_brand":[],"product_cat":[1302],"product_tag":[],"class_list":{"0":"post-37559","1":"product","2":"type-product","3":"status-publish","4":"has-post-thumbnail","6":"product_cat-mescrituraeco","7":"pa_material-carton-y-abs-reciclados","9":"first","10":"instock","11":"shipping-taxable","12":"purchasable","13":"product-type-variable"},"_links":{"self":[{"href":"https:\/\/www.tuvendes.com.ar\/demo\/wp-json\/wp\/v2\/product\/37559","targetHints":{"allow":["GET"]}}],"collection":[{"href":"https:\/\/www.tuvendes.com.ar\/demo\/wp-json\/wp\/v2\/product"}],"about":[{"href":"https:\/\/www.tuvendes.com.ar\/demo\/wp-json\/wp\/v2\/types\/product"}],"wp:featuredmedia":[{"embeddable":true,"href":"https:\/\/www.tuvendes.com.ar\/demo\/wp-json\/wp\/v2\/media\/33460"}],"wp:attachment":[{"href":"https:\/\/www.tuvendes.com.ar\/demo\/wp-json\/wp\/v2\/media?parent=37559"}],"wp:term":[{"taxonomy":"product_brand","embeddable":true,"href":"https:\/\/www.tuvendes.com.ar\/demo\/wp-json\/wp\/v2\/product_brand?post=37559"},{"taxonomy":"product_cat","embeddable":true,"href":"https:\/\/www.tuvendes.com.ar\/demo\/wp-json\/wp\/v2\/product_cat?post=37559"},{"taxonomy":"product_tag","embeddable":true,"href":"https:\/\/www.tuvendes.com.ar\/demo\/wp-json\/wp\/v2\/product_tag?post=37559"}],"curies":[{"name":"wp","href":"https:\/\/api.w.org\/{rel}","templated":true}]}}