{"id":3813,"date":"2024-11-15T18:18:49","date_gmt":"2024-11-15T18:18:49","guid":{"rendered":"https:\/\/www.tuvendes.com.ar\/demo\/producto\/cuaderno-fire\/"},"modified":"2026-05-06T17:01:28","modified_gmt":"2026-05-06T17:01:28","slug":"cuaderno-fire","status":"publish","type":"product","link":"https:\/\/www.tuvendes.com.ar\/demo\/producto\/cuaderno-fire\/","title":{"rendered":"Cuaderno FIRE"},"content":{"rendered":"<p>Cuaderno de tapa confeccionado con polyester RPET, hecho con botellas de pl\u00e1stico reciclado. Con 64 hojas lisas de Papel de 120 gramos a base de piedra, de escritura suave, m\u00e1s duradero y resistente que el papel tradicional.  Para realizar este papel no se han talado \u00e1rboles, ya que est\u00e1 confeccionado a partir de Polietileno y polvo de piedras. Cuenta con una cinta marcadora y borde de p\u00e1gina de color. 64 hojas lisas de 120g. Medidas : 14,8 x 21cm.  ReUseMe.<\/p>\n","protected":false},"excerpt":{"rendered":"<p>Cuaderno de tapa confeccionado con polyester RPET, hecho con botellas de pl\u00e1stico reciclado. Con 64 hojas lisas de Papel de<\/p>\n","protected":false},"featured_media":41678,"template":"","meta":[],"product_brand":[1896],"product_cat":[1753,1759,1763,1755],"product_tag":[],"class_list":{"0":"post-3813","1":"product","2":"type-product","3":"status-publish","4":"has-post-thumbnail","6":"product_brand-re-use-me","7":"product_cat-cuadernos","8":"product_cat-logo-24hs","9":"product_cat-mundial-2026","10":"product_cat-sustentables","11":"pa_variant-azul-azul-papel","12":"pa_variant-gris-claro-gris-claro-papel","13":"pa_variant-rojo-rojo-papel","15":"first","16":"instock","17":"shipping-taxable","18":"purchasable","19":"product-type-variable"},"_links":{"self":[{"href":"https:\/\/www.tuvendes.com.ar\/demo\/wp-json\/wp\/v2\/product\/3813","targetHints":{"allow":["GET"]}}],"collection":[{"href":"https:\/\/www.tuvendes.com.ar\/demo\/wp-json\/wp\/v2\/product"}],"about":[{"href":"https:\/\/www.tuvendes.com.ar\/demo\/wp-json\/wp\/v2\/types\/product"}],"wp:featuredmedia":[{"embeddable":true,"href":"https:\/\/www.tuvendes.com.ar\/demo\/wp-json\/wp\/v2\/media\/41678"}],"wp:attachment":[{"href":"https:\/\/www.tuvendes.com.ar\/demo\/wp-json\/wp\/v2\/media?parent=3813"}],"wp:term":[{"taxonomy":"product_brand","embeddable":true,"href":"https:\/\/www.tuvendes.com.ar\/demo\/wp-json\/wp\/v2\/product_brand?post=3813"},{"taxonomy":"product_cat","embeddable":true,"href":"https:\/\/www.tuvendes.com.ar\/demo\/wp-json\/wp\/v2\/product_cat?post=3813"},{"taxonomy":"product_tag","embeddable":true,"href":"https:\/\/www.tuvendes.com.ar\/demo\/wp-json\/wp\/v2\/product_tag?post=3813"}],"curies":[{"name":"wp","href":"https:\/\/api.w.org\/{rel}","templated":true}]}}