{"id":38564,"date":"2025-12-03T18:11:45","date_gmt":"2025-12-03T18:11:45","guid":{"rendered":"https:\/\/www.tuvendes.com.ar\/demo\/producto\/copa-flauta-para-espumante-s-imp\/"},"modified":"2026-05-02T23:02:41","modified_gmt":"2026-05-02T23:02:41","slug":"copa-flauta-para-espumante-s-imp","status":"publish","type":"product","link":"https:\/\/www.tuvendes.com.ar\/demo\/producto\/copa-flauta-para-espumante-s-imp\/","title":{"rendered":"COPA FLAUTA PARA ESPUMANTE, S\/Imp"},"content":{"rendered":"<p>Material: Pl\u00e1stico. Tama\u00f1o: \u00d8 6,5 x 22,5 cm.. \u00c1rea de impresi\u00f3n: 3 x 5 cm<\/p>\n","protected":false},"excerpt":{"rendered":"<p>Material: Pl\u00e1stico. Tama\u00f1o: \u00d8 6,5 x 22,5 cm.. \u00c1rea de impresi\u00f3n: 3 x 5 cm<\/p>\n","protected":false},"featured_media":33268,"template":"","meta":[],"product_brand":[],"product_cat":[1244],"product_tag":[],"class_list":{"0":"post-38564","1":"product","2":"type-product","3":"status-publish","4":"has-post-thumbnail","6":"product_cat-mgastronomia","7":"pa_material-plastico","9":"first","10":"instock","11":"shipping-taxable","12":"purchasable","13":"product-type-variable"},"_links":{"self":[{"href":"https:\/\/www.tuvendes.com.ar\/demo\/wp-json\/wp\/v2\/product\/38564","targetHints":{"allow":["GET"]}}],"collection":[{"href":"https:\/\/www.tuvendes.com.ar\/demo\/wp-json\/wp\/v2\/product"}],"about":[{"href":"https:\/\/www.tuvendes.com.ar\/demo\/wp-json\/wp\/v2\/types\/product"}],"wp:featuredmedia":[{"embeddable":true,"href":"https:\/\/www.tuvendes.com.ar\/demo\/wp-json\/wp\/v2\/media\/33268"}],"wp:attachment":[{"href":"https:\/\/www.tuvendes.com.ar\/demo\/wp-json\/wp\/v2\/media?parent=38564"}],"wp:term":[{"taxonomy":"product_brand","embeddable":true,"href":"https:\/\/www.tuvendes.com.ar\/demo\/wp-json\/wp\/v2\/product_brand?post=38564"},{"taxonomy":"product_cat","embeddable":true,"href":"https:\/\/www.tuvendes.com.ar\/demo\/wp-json\/wp\/v2\/product_cat?post=38564"},{"taxonomy":"product_tag","embeddable":true,"href":"https:\/\/www.tuvendes.com.ar\/demo\/wp-json\/wp\/v2\/product_tag?post=38564"}],"curies":[{"name":"wp","href":"https:\/\/api.w.org\/{rel}","templated":true}]}}