{"id":38597,"date":"2025-12-10T16:41:28","date_gmt":"2025-12-10T16:41:28","guid":{"rendered":"https:\/\/www.tuvendes.com.ar\/demo\/producto\/servilletero-eco-s-imp\/"},"modified":"2026-05-02T23:00:34","modified_gmt":"2026-05-02T23:00:34","slug":"servilletero-eco-s-imp","status":"publish","type":"product","link":"https:\/\/www.tuvendes.com.ar\/demo\/producto\/servilletero-eco-s-imp\/","title":{"rendered":"SERVILLETERO ECO S\/Imp."},"content":{"rendered":"<p>Material: Poliestireno y Compuesto de madera. Tama\u00f1o: 20 x 8 x 3 cm. \u00c1rea de impresi\u00f3n: 80 x 70 x 80 mm (tri\u00e1ngulo)<\/p>\n","protected":false},"excerpt":{"rendered":"<p>Material: Poliestireno y Compuesto de madera. Tama\u00f1o: 20 x 8 x 3 cm. \u00c1rea de impresi\u00f3n: 80 x 70 x<\/p>\n","protected":false},"featured_media":33494,"template":"","meta":[],"product_brand":[],"product_cat":[1244],"product_tag":[],"class_list":{"0":"post-38597","1":"product","2":"type-product","3":"status-publish","4":"has-post-thumbnail","6":"product_cat-mgastronomia","7":"pa_material-poliestireno-y-compuesto-de-madera","9":"first","10":"instock","11":"shipping-taxable","12":"purchasable","13":"product-type-simple"},"_links":{"self":[{"href":"https:\/\/www.tuvendes.com.ar\/demo\/wp-json\/wp\/v2\/product\/38597","targetHints":{"allow":["GET"]}}],"collection":[{"href":"https:\/\/www.tuvendes.com.ar\/demo\/wp-json\/wp\/v2\/product"}],"about":[{"href":"https:\/\/www.tuvendes.com.ar\/demo\/wp-json\/wp\/v2\/types\/product"}],"wp:featuredmedia":[{"embeddable":true,"href":"https:\/\/www.tuvendes.com.ar\/demo\/wp-json\/wp\/v2\/media\/33494"}],"wp:attachment":[{"href":"https:\/\/www.tuvendes.com.ar\/demo\/wp-json\/wp\/v2\/media?parent=38597"}],"wp:term":[{"taxonomy":"product_brand","embeddable":true,"href":"https:\/\/www.tuvendes.com.ar\/demo\/wp-json\/wp\/v2\/product_brand?post=38597"},{"taxonomy":"product_cat","embeddable":true,"href":"https:\/\/www.tuvendes.com.ar\/demo\/wp-json\/wp\/v2\/product_cat?post=38597"},{"taxonomy":"product_tag","embeddable":true,"href":"https:\/\/www.tuvendes.com.ar\/demo\/wp-json\/wp\/v2\/product_tag?post=38597"}],"curies":[{"name":"wp","href":"https:\/\/api.w.org\/{rel}","templated":true}]}}