{"id":38623,"date":"2025-12-11T13:06:00","date_gmt":"2025-12-11T13:06:00","guid":{"rendered":"https:\/\/www.tuvendes.com.ar\/demo\/producto\/copa-de-vino-y-agua-s-imp\/"},"modified":"2026-05-02T23:02:02","modified_gmt":"2026-05-02T23:02:02","slug":"copa-de-vino-y-agua-s-imp","status":"publish","type":"product","link":"https:\/\/www.tuvendes.com.ar\/demo\/producto\/copa-de-vino-y-agua-s-imp\/","title":{"rendered":"COPA DE VINO Y AGUA, S\/Imp"},"content":{"rendered":"<p>\u00a1Elegancia para tus eventos!. Material: Poliestireno. Tama\u00f1o: \u00d8 8 x 20 cm.. \u00c1rea de impresi\u00f3n: 4 x 5 cm<\/p>\n","protected":false},"excerpt":{"rendered":"<p>\u00a1Elegancia para tus eventos!. Material: Poliestireno. Tama\u00f1o: \u00d8 8 x 20 cm.. \u00c1rea de impresi\u00f3n: 4 x 5 cm<\/p>\n","protected":false},"featured_media":33256,"template":"","meta":[],"product_brand":[],"product_cat":[1244],"product_tag":[],"class_list":{"0":"post-38623","1":"product","2":"type-product","3":"status-publish","4":"has-post-thumbnail","6":"product_cat-mgastronomia","7":"pa_material-poliestireno","9":"first","10":"instock","11":"shipping-taxable","12":"purchasable","13":"product-type-variable"},"_links":{"self":[{"href":"https:\/\/www.tuvendes.com.ar\/demo\/wp-json\/wp\/v2\/product\/38623","targetHints":{"allow":["GET"]}}],"collection":[{"href":"https:\/\/www.tuvendes.com.ar\/demo\/wp-json\/wp\/v2\/product"}],"about":[{"href":"https:\/\/www.tuvendes.com.ar\/demo\/wp-json\/wp\/v2\/types\/product"}],"wp:featuredmedia":[{"embeddable":true,"href":"https:\/\/www.tuvendes.com.ar\/demo\/wp-json\/wp\/v2\/media\/33256"}],"wp:attachment":[{"href":"https:\/\/www.tuvendes.com.ar\/demo\/wp-json\/wp\/v2\/media?parent=38623"}],"wp:term":[{"taxonomy":"product_brand","embeddable":true,"href":"https:\/\/www.tuvendes.com.ar\/demo\/wp-json\/wp\/v2\/product_brand?post=38623"},{"taxonomy":"product_cat","embeddable":true,"href":"https:\/\/www.tuvendes.com.ar\/demo\/wp-json\/wp\/v2\/product_cat?post=38623"},{"taxonomy":"product_tag","embeddable":true,"href":"https:\/\/www.tuvendes.com.ar\/demo\/wp-json\/wp\/v2\/product_tag?post=38623"}],"curies":[{"name":"wp","href":"https:\/\/api.w.org\/{rel}","templated":true}]}}