{"id":38629,"date":"2025-12-11T20:07:30","date_gmt":"2025-12-11T20:07:30","guid":{"rendered":"https:\/\/www.tuvendes.com.ar\/demo\/producto\/portamenu-s-imp\/"},"modified":"2026-05-02T21:05:06","modified_gmt":"2026-05-02T21:05:06","slug":"portamenu-s-imp","status":"publish","type":"product","link":"https:\/\/www.tuvendes.com.ar\/demo\/producto\/portamenu-s-imp\/","title":{"rendered":"PORTAMEN\u00da S\/Imp."},"content":{"rendered":"<p>Material: Poliestireno Inyectado. Tama\u00f1o: 13 x 20 cm.. \u00c1rea de impresi\u00f3n: 75 x 31 mm<\/p>\n","protected":false},"excerpt":{"rendered":"<p>Material: Poliestireno Inyectado. Tama\u00f1o: 13 x 20 cm.. \u00c1rea de impresi\u00f3n: 75 x 31 mm<\/p>\n","protected":false},"featured_media":33211,"template":"","meta":[],"product_brand":[],"product_cat":[1244],"product_tag":[],"class_list":{"0":"post-38629","1":"product","2":"type-product","3":"status-publish","4":"has-post-thumbnail","6":"product_cat-mgastronomia","7":"pa_material-poliestireno-inyectado","9":"first","10":"instock","11":"shipping-taxable","12":"purchasable","13":"product-type-variable"},"_links":{"self":[{"href":"https:\/\/www.tuvendes.com.ar\/demo\/wp-json\/wp\/v2\/product\/38629","targetHints":{"allow":["GET"]}}],"collection":[{"href":"https:\/\/www.tuvendes.com.ar\/demo\/wp-json\/wp\/v2\/product"}],"about":[{"href":"https:\/\/www.tuvendes.com.ar\/demo\/wp-json\/wp\/v2\/types\/product"}],"wp:featuredmedia":[{"embeddable":true,"href":"https:\/\/www.tuvendes.com.ar\/demo\/wp-json\/wp\/v2\/media\/33211"}],"wp:attachment":[{"href":"https:\/\/www.tuvendes.com.ar\/demo\/wp-json\/wp\/v2\/media?parent=38629"}],"wp:term":[{"taxonomy":"product_brand","embeddable":true,"href":"https:\/\/www.tuvendes.com.ar\/demo\/wp-json\/wp\/v2\/product_brand?post=38629"},{"taxonomy":"product_cat","embeddable":true,"href":"https:\/\/www.tuvendes.com.ar\/demo\/wp-json\/wp\/v2\/product_cat?post=38629"},{"taxonomy":"product_tag","embeddable":true,"href":"https:\/\/www.tuvendes.com.ar\/demo\/wp-json\/wp\/v2\/product_tag?post=38629"}],"curies":[{"name":"wp","href":"https:\/\/api.w.org\/{rel}","templated":true}]}}